{"id":1260,"date":"2020-08-17T11:17:39","date_gmt":"2020-08-17T09:17:39","guid":{"rendered":"https:\/\/www.axalingua.com\/?page_id=1260"},"modified":"2020-11-12T15:02:04","modified_gmt":"2020-11-12T13:02:04","slug":"casas-rurales","status":"publish","type":"page","link":"https:\/\/www.axalingua.com\/en\/casas-rurales\/","title":{"rendered":"Casas rurales"},"content":{"rendered":"<p><div class=\"fusion-fullwidth fullwidth-box fusion-builder-row-1 fusion-flex-container hundred-percent-fullwidth non-hundred-percent-height-scrolling\" style=\"--awb-border-radius-top-left:0px;--awb-border-radius-top-right:0px;--awb-border-radius-bottom-right:0px;--awb-border-radius-bottom-left:0px;--awb-padding-top:40px;--awb-padding-bottom:0px;--awb-margin-top:10%;--awb-margin-bottom:0px;--awb-flex-wrap:wrap;\" ><div class=\"fusion-builder-row fusion-row fusion-flex-align-items-flex-start fusion-flex-content-wrap\" style=\"width:104% !important;max-width:104% !important;margin-left: calc(-4% \/ 2 );margin-right: calc(-4% \/ 2 );\"><div class=\"fusion-layout-column fusion_builder_column fusion-builder-column-0 fusion_builder_column_1_1 1_1 fusion-flex-column fusion-animated\" style=\"--awb-padding-top:20px;--awb-padding-bottom:20px;--awb-bg-image:url(&#039;https:\/\/www.axalingua.com\/wp-content\/uploads\/2020\/08\/3459068-scaled.jpg&#039;);--awb-bg-size:cover;--awb-border-color:#e0e0e0;--awb-border-top:1px;--awb-border-right:0;--awb-border-bottom:1px;--awb-border-left:0;--awb-border-style:solid;--awb-width-large:100%;--awb-margin-top-large:0px;--awb-spacing-right-large:0px;--awb-margin-bottom-large:30px;--awb-spacing-left-large:0px;--awb-width-medium:100%;--awb-order-medium:0;--awb-spacing-right-medium:1.92%;--awb-spacing-left-medium:1.92%;--awb-width-small:100%;--awb-order-small:0;--awb-spacing-right-small:1.92%;--awb-spacing-left-small:1.92%;\" data-animationType=\"fadeIn\" data-animationDuration=\"1.0\" data-animationOffset=\"top-into-view\"><div class=\"fusion-column-wrapper fusion-column-has-shadow fusion-flex-justify-content-flex-start fusion-content-layout-column fusion-column-has-bg-image\" data-bg-url=\"https:\/\/www.axalingua.com\/wp-content\/uploads\/2020\/08\/3459068-scaled.jpg\"><div class=\"fusion-title title fusion-title-1 fusion-sep-none fusion-title-center fusion-title-text fusion-title-size-two\" style=\"--awb-text-color:#c0515c;--awb-margin-bottom:10px;\"><h2 class=\"fusion-title-heading title-heading-center fusion-responsive-typography-calculated\" style=\"font-family:&quot;Montserrat&quot;;font-style:normal;font-weight:700;margin:0;--fontSize:40;line-height:1;\">Casas rurales<\/h2><\/div><\/div><\/div><\/div><\/div><div class=\"fusion-fullwidth fullwidth-box fusion-builder-row-2 fusion-flex-container nonhundred-percent-fullwidth non-hundred-percent-height-scrolling\" style=\"--awb-border-radius-top-left:0px;--awb-border-radius-top-right:0px;--awb-border-radius-bottom-right:0px;--awb-border-radius-bottom-left:0px;--awb-flex-wrap:wrap;\" ><div class=\"fusion-builder-row fusion-row fusion-flex-align-items-stretch fusion-flex-content-wrap\" style=\"max-width:1248px;margin-left: calc(-4% \/ 2 );margin-right: calc(-4% \/ 2 );\"><div class=\"fusion-layout-column fusion_builder_column fusion-builder-column-1 fusion_builder_column_1_2 1_2 fusion-flex-column\" style=\"--awb-padding-top:20px;--awb-padding-right:20px;--awb-padding-bottom:20px;--awb-padding-left:20px;--awb-bg-size:cover;--awb-border-color:#ededed;--awb-border-top:1px;--awb-border-right:1px;--awb-border-bottom:1px;--awb-border-left:1px;--awb-border-style:solid;--awb-width-large:50%;--awb-margin-top-large:0px;--awb-spacing-right-large:3.84%;--awb-margin-bottom-large:20px;--awb-spacing-left-large:3.84%;--awb-width-medium:100%;--awb-order-medium:0;--awb-spacing-right-medium:1.92%;--awb-spacing-left-medium:1.92%;--awb-width-small:100%;--awb-order-small:0;--awb-spacing-right-small:1.92%;--awb-spacing-left-small:1.92%;\"><div class=\"fusion-column-wrapper fusion-column-has-shadow fusion-flex-justify-content-flex-start fusion-content-layout-column\"><div class=\"fusion-image-element \" style=\"text-align:center;--awb-liftup-border-radius:0px;--awb-margin-bottom:20px;--awb-caption-title-font-family:var(--h2_typography-font-family);--awb-caption-title-font-weight:var(--h2_typography-font-weight);--awb-caption-title-font-style:var(--h2_typography-font-style);--awb-caption-title-size:var(--h2_typography-font-size);--awb-caption-title-transform:var(--h2_typography-text-transform);--awb-caption-title-line-height:var(--h2_typography-line-height);--awb-caption-title-letter-spacing:var(--h2_typography-letter-spacing);\"><div class=\"awb-image-frame awb-image-frame-1 imageframe-liftup\"><span class=\" fusion-imageframe imageframe-none imageframe-1\"><a href=\"https:\/\/www.axalingua.com\/wp-content\/uploads\/2020\/08\/cortijo-piltraque.jpg\" class=\"fusion-lightbox\" data-rel=\"iLightbox[7542b3963ea54e5461c]\" data-caption=\"cortijo-piltraque\" data-title=\"cortijo-piltraque\" title=\"casa-rural\"><img decoding=\"async\" width=\"639\" height=\"330\" src=\"https:\/\/www.axalingua.com\/wp-content\/uploads\/2020\/08\/casa-rural.jpg\" alt class=\"img-responsive wp-image-1204\" srcset=\"https:\/\/www.axalingua.com\/wp-content\/uploads\/2020\/08\/casa-rural-200x103.jpg 200w, https:\/\/www.axalingua.com\/wp-content\/uploads\/2020\/08\/casa-rural-400x207.jpg 400w, https:\/\/www.axalingua.com\/wp-content\/uploads\/2020\/08\/casa-rural-600x310.jpg 600w, https:\/\/www.axalingua.com\/wp-content\/uploads\/2020\/08\/casa-rural.jpg 639w\" sizes=\"(max-width: 1024px) 100vw, (max-width: 640px) 100vw, 600px\" \/><\/a><\/span><\/div><\/div><div class=\"fusion-text fusion-text-1\"><p>Si lo que te gusta es disfrutar de la tranquilidad del campo, Colmenar y Casabermeja te ofrecen una gran variedad de casas rurales en las que alojarte durante tu curso de espa\u00f1ol.<\/p>\n<\/div><\/div><\/div><div class=\"fusion-layout-column fusion_builder_column fusion-builder-column-2 fusion_builder_column_1_2 1_2 fusion-flex-column\" style=\"--awb-padding-top:20px;--awb-padding-right:20px;--awb-padding-bottom:20px;--awb-padding-left:20px;--awb-bg-size:cover;--awb-border-color:#ededed;--awb-border-top:1px;--awb-border-right:1px;--awb-border-bottom:1px;--awb-border-left:1px;--awb-border-style:solid;--awb-width-large:50%;--awb-margin-top-large:0px;--awb-spacing-right-large:3.84%;--awb-margin-bottom-large:20px;--awb-spacing-left-large:3.84%;--awb-width-medium:100%;--awb-order-medium:0;--awb-spacing-right-medium:1.92%;--awb-spacing-left-medium:1.92%;--awb-width-small:100%;--awb-order-small:0;--awb-spacing-right-small:1.92%;--awb-spacing-left-small:1.92%;\"><div class=\"fusion-column-wrapper fusion-column-has-shadow fusion-flex-justify-content-flex-start fusion-content-layout-column\"><div class=\"fusion-title title fusion-title-2 fusion-sep-none fusion-title-center fusion-title-text fusion-title-size-three\" style=\"--awb-text-color:#6c6c6c;--awb-margin-top:20px;--awb-margin-bottom:0px;--awb-margin-top-small:40px;--awb-margin-bottom-small:0px;--awb-font-size:18px;\"><h3 class=\"fusion-title-heading title-heading-center fusion-responsive-typography-calculated\" style=\"font-family:&quot;Montserrat&quot;;font-style:normal;font-weight:600;margin:0;font-size:1em;--fontSize:18;--minFontSize:18;line-height:1;\">Fant\u00e1sticas casas rurales<\/h3><\/div><div class=\"fusion-separator\" style=\"align-self: center;margin-left: auto;margin-right: auto;margin-top:20px;margin-bottom:20px;width:100%;max-width:120px;\"><div class=\"fusion-separator-border sep-single\" style=\"--awb-height:20px;--awb-amount:20px;border-color:rgba(192,81,92,0.5);border-top-width:4px;\"><\/div><\/div><div class=\"fusion-text fusion-text-2\"><p>Colmenar est\u00e1 al lado del Parque Natural de los Montes de M\u00e1laga y, por ello, es muy f\u00e1cil encontrar fant\u00e1sticas casas rurales para disfrutar de unas vacaciones en la naturaleza. Hay muchas casas rurales que est\u00e1n a tan solo 5 o 10 minutos de la escuela de Axalingua en Colmenar, y por ello son una opci\u00f3n genial si quieres escapar del bullicio de la gran ciudad.<\/p>\n<p>Si planeas alquilar una casa rural en el campo, te recomendamos tambi\u00e9n alquilar un coche, ya que lo necesitar\u00e1s para tus desplazamientos para seguir las clases de tu curso de espa\u00f1ol o para visitar las ciudades de M\u00e1laga o Antequera.<\/p>\n<\/div><\/div><\/div><\/div><\/div><div class=\"fusion-fullwidth fullwidth-box fusion-builder-row-3 fusion-flex-container nonhundred-percent-fullwidth non-hundred-percent-height-scrolling\" style=\"--awb-border-radius-top-left:0px;--awb-border-radius-top-right:0px;--awb-border-radius-bottom-right:0px;--awb-border-radius-bottom-left:0px;--awb-padding-bottom:40px;--awb-flex-wrap:wrap;\" ><div class=\"fusion-builder-row fusion-row fusion-flex-align-items-stretch fusion-flex-content-wrap\" style=\"max-width:1248px;margin-left: calc(-4% \/ 2 );margin-right: calc(-4% \/ 2 );\"><div class=\"fusion-layout-column fusion_builder_column fusion-builder-column-3 fusion_builder_column_1_2 1_2 fusion-flex-column fusion-animated\" style=\"--awb-padding-top:20px;--awb-padding-right:20px;--awb-padding-bottom:20px;--awb-padding-left:20px;--awb-bg-size:cover;--awb-border-color:#f2f2f2;--awb-border-top:1px;--awb-border-right:1px;--awb-border-bottom:1px;--awb-border-left:1px;--awb-border-style:solid;--awb-width-large:50%;--awb-margin-top-large:0px;--awb-spacing-right-large:3.84%;--awb-margin-bottom-large:20px;--awb-spacing-left-large:3.84%;--awb-width-medium:100%;--awb-order-medium:0;--awb-spacing-right-medium:1.92%;--awb-spacing-left-medium:1.92%;--awb-width-small:100%;--awb-order-small:0;--awb-spacing-right-small:1.92%;--awb-spacing-left-small:1.92%;\" data-animationType=\"fadeInUp\" data-animationDuration=\"1.0\" data-animationOffset=\"top-into-view\"><div class=\"fusion-column-wrapper fusion-column-has-shadow fusion-flex-justify-content-flex-start fusion-content-layout-column\"><div class=\"fusion-title title fusion-title-3 fusion-sep-none fusion-title-center fusion-title-text fusion-title-size-three\" style=\"--awb-text-color:#6c6c6c;--awb-margin-top:0px;--awb-margin-bottom:0px;--awb-margin-top-small:40px;--awb-margin-bottom-small:0px;--awb-font-size:18px;\"><h3 class=\"fusion-title-heading title-heading-center fusion-responsive-typography-calculated\" style=\"font-family:&quot;Montserrat&quot;;font-style:normal;font-weight:600;margin:0;font-size:1em;--fontSize:18;--minFontSize:18;line-height:1;\">Alojamientos en Airbnb<\/h3><\/div><div class=\"fusion-separator\" style=\"align-self: center;margin-left: auto;margin-right: auto;margin-top:20px;margin-bottom:20px;width:100%;max-width:120px;\"><div class=\"fusion-separator-border sep-single\" style=\"--awb-height:20px;--awb-amount:20px;border-color:rgba(192,81,92,0.5);border-top-width:4px;\"><\/div><\/div><div class=\"fusion-text fusion-text-3\"><p style=\"text-align: center;\">Consulta los alojamientos disponibles en la web de Airbnb:<\/p>\n<p style=\"text-align: center;\"><strong><a href=\"https:\/\/www.airbnb.es\/s\/Colmenar--Spain\/homes?tab_id=home_tab&amp;refinement_paths%5B%5D=%2Fhomes&amp;federated_search_session_id=7714b1ea-d863-4d6e-8c0c-23f285aef5b1&amp;ne_lat=36.92170311819253&amp;ne_lng=-4.306660894305651&amp;sw_lat=36.88242926901203&amp;sw_lng=-4.36274876608627&amp;zoom=14&amp;search_by_map=true&amp;search_type=unknown\" target=\"_blank\" rel=\"noopener noreferrer\">\u00bbAlojamientos en Colmenar (M\u00e1laga)<\/a><\/strong><\/p>\n<\/div><\/div><\/div><div class=\"fusion-layout-column fusion_builder_column fusion-builder-column-4 fusion_builder_column_1_2 1_2 fusion-flex-column fusion-animated\" style=\"--awb-padding-top:20px;--awb-padding-right:20px;--awb-padding-bottom:20px;--awb-padding-left:20px;--awb-bg-size:cover;--awb-border-color:#f2f2f2;--awb-border-top:1px;--awb-border-right:1px;--awb-border-bottom:1px;--awb-border-left:1px;--awb-border-style:solid;--awb-width-large:50%;--awb-margin-top-large:0px;--awb-spacing-right-large:3.84%;--awb-margin-bottom-large:20px;--awb-spacing-left-large:3.84%;--awb-width-medium:100%;--awb-order-medium:0;--awb-spacing-right-medium:1.92%;--awb-spacing-left-medium:1.92%;--awb-width-small:100%;--awb-order-small:0;--awb-spacing-right-small:1.92%;--awb-spacing-left-small:1.92%;\" data-animationType=\"fadeInUp\" data-animationDuration=\"1.0\" data-animationOffset=\"top-into-view\"><div class=\"fusion-column-wrapper fusion-column-has-shadow fusion-flex-justify-content-flex-start fusion-content-layout-column\"><div class=\"fusion-title title fusion-title-4 fusion-sep-none fusion-title-center fusion-title-text fusion-title-size-three\" style=\"--awb-text-color:#6c6c6c;--awb-margin-top:0px;--awb-margin-bottom:0px;--awb-margin-top-small:40px;--awb-margin-bottom-small:0px;--awb-font-size:18px;\"><h3 class=\"fusion-title-heading title-heading-center fusion-responsive-typography-calculated\" style=\"font-family:&quot;Montserrat&quot;;font-style:normal;font-weight:600;margin:0;font-size:1em;--fontSize:18;--minFontSize:18;line-height:1;\">Alojamientos en Escapada Rural<\/h3><\/div><div class=\"fusion-separator\" style=\"align-self: center;margin-left: auto;margin-right: auto;margin-top:20px;margin-bottom:20px;width:100%;max-width:120px;\"><div class=\"fusion-separator-border sep-single\" style=\"--awb-height:20px;--awb-amount:20px;border-color:rgba(192,81,92,0.5);border-top-width:4px;\"><\/div><\/div><div class=\"fusion-text fusion-text-4\"><p style=\"text-align: center;\">Puedes consultar tambi\u00e9n muchos alojamientos en esta web espa\u00f1ola:<\/p>\n<p style=\"text-align: center;\"><strong><a href=\"https:\/\/www.escapadarural.com\/casas-rurales\/colmenar\" target=\"_blank\" rel=\"noopener noreferrer\">\u00bbAlojamientos en Escapada Rural<\/a><\/strong><\/p>\n<\/div><\/div><\/div><\/div><\/div><\/p>\n","protected":false},"excerpt":{"rendered":"","protected":false},"author":1,"featured_media":0,"parent":0,"menu_order":0,"comment_status":"closed","ping_status":"closed","template":"100-width.php","meta":{"footnotes":""},"class_list":["post-1260","page","type-page","status-publish","hentry"],"yoast_head":"<!-- This site is optimized with the Yoast SEO plugin v27.2 - https:\/\/yoast.com\/product\/yoast-seo-wordpress\/ -->\n<title>Casas rurales - Axalingua. Cursos de ingl&eacute;s, franc&eacute;s y alem&aacute;n.<\/title>\n<meta name=\"robots\" content=\"index, follow, max-snippet:-1, max-image-preview:large, max-video-preview:-1\" \/>\n<link rel=\"canonical\" href=\"https:\/\/www.axalingua.com\/en\/casas-rurales\/\" \/>\n<meta property=\"og:locale\" content=\"en_GB\" \/>\n<meta property=\"og:type\" content=\"article\" \/>\n<meta property=\"og:title\" content=\"Casas rurales - Axalingua. Cursos de ingl&eacute;s, franc&eacute;s y alem&aacute;n.\" \/>\n<meta property=\"og:url\" content=\"https:\/\/www.axalingua.com\/en\/casas-rurales\/\" \/>\n<meta property=\"og:site_name\" content=\"Axalingua. Cursos de ingl&eacute;s, franc&eacute;s y alem&aacute;n.\" \/>\n<meta property=\"article:modified_time\" content=\"2020-11-12T13:02:04+00:00\" \/>\n<meta name=\"twitter:card\" content=\"summary_large_image\" \/>\n<meta name=\"twitter:label1\" content=\"Estimated reading time\" \/>\n\t<meta name=\"twitter:data1\" content=\"18 minutes\" \/>\n<script type=\"application\/ld+json\" class=\"yoast-schema-graph\">{\"@context\":\"https:\/\/schema.org\",\"@graph\":[{\"@type\":\"WebPage\",\"@id\":\"https:\/\/www.axalingua.com\/es\/casas-rurales\/\",\"url\":\"https:\/\/www.axalingua.com\/es\/casas-rurales\/\",\"name\":\"Casas rurales - Axalingua. Cursos de ingl&eacute;s, franc&eacute;s y alem&aacute;n.\",\"isPartOf\":{\"@id\":\"https:\/\/www.axalingua.com\/es\/#website\"},\"datePublished\":\"2020-08-17T09:17:39+00:00\",\"dateModified\":\"2020-11-12T13:02:04+00:00\",\"breadcrumb\":{\"@id\":\"https:\/\/www.axalingua.com\/es\/casas-rurales\/#breadcrumb\"},\"inLanguage\":\"en-GB\",\"potentialAction\":[{\"@type\":\"ReadAction\",\"target\":[\"https:\/\/www.axalingua.com\/es\/casas-rurales\/\"]}]},{\"@type\":\"BreadcrumbList\",\"@id\":\"https:\/\/www.axalingua.com\/es\/casas-rurales\/#breadcrumb\",\"itemListElement\":[{\"@type\":\"ListItem\",\"position\":1,\"name\":\"Portada\",\"item\":\"https:\/\/www.axalingua.com\/es\/\"},{\"@type\":\"ListItem\",\"position\":2,\"name\":\"Casas rurales\"}]},{\"@type\":\"WebSite\",\"@id\":\"https:\/\/www.axalingua.com\/es\/#website\",\"url\":\"https:\/\/www.axalingua.com\/es\/\",\"name\":\"Axalingua. Cursos de ingl&eacute;s, franc&eacute;s y alem&aacute;n.\",\"description\":\"Cursos de espa&ntilde;ol en Andalucia. Aprende espa&ntilde;ol en Colmenar, un precioso pueblo blanco en la Alta Axarqu&iacute;a, al lado del parque natural de los Montes de M&aacute;laga.\",\"potentialAction\":[{\"@type\":\"SearchAction\",\"target\":{\"@type\":\"EntryPoint\",\"urlTemplate\":\"https:\/\/www.axalingua.com\/es\/?s={search_term_string}\"},\"query-input\":{\"@type\":\"PropertyValueSpecification\",\"valueRequired\":true,\"valueName\":\"search_term_string\"}}],\"inLanguage\":\"en-GB\"}]}<\/script>\n<!-- \/ Yoast SEO plugin. -->","yoast_head_json":{"title":"Casas rurales - Axalingua. Cursos de ingl&eacute;s, franc&eacute;s y alem&aacute;n.","robots":{"index":"index","follow":"follow","max-snippet":"max-snippet:-1","max-image-preview":"max-image-preview:large","max-video-preview":"max-video-preview:-1"},"canonical":"https:\/\/www.axalingua.com\/en\/casas-rurales\/","og_locale":"en_GB","og_type":"article","og_title":"Casas rurales - Axalingua. Cursos de ingl&eacute;s, franc&eacute;s y alem&aacute;n.","og_url":"https:\/\/www.axalingua.com\/en\/casas-rurales\/","og_site_name":"Axalingua. Cursos de ingl&eacute;s, franc&eacute;s y alem&aacute;n.","article_modified_time":"2020-11-12T13:02:04+00:00","twitter_card":"summary_large_image","twitter_misc":{"Estimated reading time":"18 minutes"},"schema":{"@context":"https:\/\/schema.org","@graph":[{"@type":"WebPage","@id":"https:\/\/www.axalingua.com\/es\/casas-rurales\/","url":"https:\/\/www.axalingua.com\/es\/casas-rurales\/","name":"Casas rurales - Axalingua. Cursos de ingl&eacute;s, franc&eacute;s y alem&aacute;n.","isPartOf":{"@id":"https:\/\/www.axalingua.com\/es\/#website"},"datePublished":"2020-08-17T09:17:39+00:00","dateModified":"2020-11-12T13:02:04+00:00","breadcrumb":{"@id":"https:\/\/www.axalingua.com\/es\/casas-rurales\/#breadcrumb"},"inLanguage":"en-GB","potentialAction":[{"@type":"ReadAction","target":["https:\/\/www.axalingua.com\/es\/casas-rurales\/"]}]},{"@type":"BreadcrumbList","@id":"https:\/\/www.axalingua.com\/es\/casas-rurales\/#breadcrumb","itemListElement":[{"@type":"ListItem","position":1,"name":"Portada","item":"https:\/\/www.axalingua.com\/es\/"},{"@type":"ListItem","position":2,"name":"Casas rurales"}]},{"@type":"WebSite","@id":"https:\/\/www.axalingua.com\/es\/#website","url":"https:\/\/www.axalingua.com\/es\/","name":"Axalingua. Cursos de ingl&eacute;s, franc&eacute;s y alem&aacute;n.","description":"Cursos de espa&ntilde;ol en Andalucia. Aprende espa&ntilde;ol en Colmenar, un precioso pueblo blanco en la Alta Axarqu&iacute;a, al lado del parque natural de los Montes de M&aacute;laga.","potentialAction":[{"@type":"SearchAction","target":{"@type":"EntryPoint","urlTemplate":"https:\/\/www.axalingua.com\/es\/?s={search_term_string}"},"query-input":{"@type":"PropertyValueSpecification","valueRequired":true,"valueName":"search_term_string"}}],"inLanguage":"en-GB"}]}},"_links":{"self":[{"href":"https:\/\/www.axalingua.com\/en\/wp-json\/wp\/v2\/pages\/1260","targetHints":{"allow":["GET"]}}],"collection":[{"href":"https:\/\/www.axalingua.com\/en\/wp-json\/wp\/v2\/pages"}],"about":[{"href":"https:\/\/www.axalingua.com\/en\/wp-json\/wp\/v2\/types\/page"}],"author":[{"embeddable":true,"href":"https:\/\/www.axalingua.com\/en\/wp-json\/wp\/v2\/users\/1"}],"replies":[{"embeddable":true,"href":"https:\/\/www.axalingua.com\/en\/wp-json\/wp\/v2\/comments?post=1260"}],"version-history":[{"count":2,"href":"https:\/\/www.axalingua.com\/en\/wp-json\/wp\/v2\/pages\/1260\/revisions"}],"predecessor-version":[{"id":1449,"href":"https:\/\/www.axalingua.com\/en\/wp-json\/wp\/v2\/pages\/1260\/revisions\/1449"}],"wp:attachment":[{"href":"https:\/\/www.axalingua.com\/en\/wp-json\/wp\/v2\/media?parent=1260"}],"curies":[{"name":"wp","href":"https:\/\/api.w.org\/{rel}","templated":true}]}}