{"id":1029,"date":"2020-08-11T13:17:45","date_gmt":"2020-08-11T11:17:45","guid":{"rendered":"https:\/\/www.axalingua.com\/?page_id=1029"},"modified":"2020-11-13T13:15:35","modified_gmt":"2020-11-13T11:15:35","slug":"sobre-nosotros","status":"publish","type":"page","link":"https:\/\/www.axalingua.com\/es\/sobre-nosotros\/","title":{"rendered":"Sobre nosotros"},"content":{"rendered":"<p><div class=\"fusion-fullwidth fullwidth-box fusion-builder-row-1 fusion-flex-container hundred-percent-fullwidth non-hundred-percent-height-scrolling\" style=\"--awb-border-radius-top-left:0px;--awb-border-radius-top-right:0px;--awb-border-radius-bottom-right:0px;--awb-border-radius-bottom-left:0px;--awb-padding-top:40px;--awb-padding-bottom:0px;--awb-margin-top:10%;--awb-margin-bottom:0px;--awb-flex-wrap:wrap;\" ><div class=\"fusion-builder-row fusion-row fusion-flex-align-items-flex-start fusion-flex-content-wrap\" style=\"width:104% !important;max-width:104% !important;margin-left: calc(-4% \/ 2 );margin-right: calc(-4% \/ 2 );\"><div class=\"fusion-layout-column fusion_builder_column fusion-builder-column-0 fusion_builder_column_1_1 1_1 fusion-flex-column fusion-animated\" style=\"--awb-padding-top:20px;--awb-padding-bottom:0px;--awb-bg-image:url(&#039;https:\/\/www.axalingua.com\/wp-content\/uploads\/2020\/08\/3459068-scaled.jpg&#039;);--awb-bg-size:cover;--awb-border-color:#e0e0e0;--awb-border-top:1px;--awb-border-right:0;--awb-border-bottom:1px;--awb-border-left:0;--awb-border-style:solid;--awb-width-large:100%;--awb-margin-top-large:0px;--awb-spacing-right-large:0px;--awb-margin-bottom-large:30px;--awb-spacing-left-large:0px;--awb-width-medium:100%;--awb-order-medium:0;--awb-spacing-right-medium:1.92%;--awb-spacing-left-medium:1.92%;--awb-width-small:100%;--awb-order-small:0;--awb-spacing-right-small:1.92%;--awb-spacing-left-small:1.92%;\" data-animationType=\"fadeIn\" data-animationDuration=\"1.0\" data-animationOffset=\"top-into-view\"><div class=\"fusion-column-wrapper fusion-column-has-shadow fusion-flex-justify-content-flex-start fusion-content-layout-column fusion-column-has-bg-image\" data-bg-url=\"https:\/\/www.axalingua.com\/wp-content\/uploads\/2020\/08\/3459068-scaled.jpg\"><div class=\"fusion-title title fusion-title-1 fusion-sep-none fusion-title-center fusion-title-text fusion-title-size-two\" style=\"--awb-text-color:#c0515c;--awb-margin-bottom:10px;\"><h2 class=\"fusion-title-heading title-heading-center fusion-responsive-typography-calculated\" style=\"font-family:&quot;Montserrat&quot;;font-style:normal;font-weight:700;margin:0;--fontSize:40;line-height:1;\">Sobre nosotros<\/h2><\/div><div class=\"fusion-separator\" style=\"align-self: center;margin-left: auto;margin-right: auto;margin-top:30px;margin-bottom:10px;width:100%;max-width:120px;\"><div class=\"fusion-separator-border sep-single\" style=\"--awb-height:20px;--awb-amount:20px;border-color:rgba(192,81,92,0.5);border-top-width:4px;\"><\/div><\/div><div class=\"fusion-title title fusion-title-2 fusion-sep-none fusion-title-center fusion-title-text fusion-title-size-three\" style=\"--awb-text-color:#6c6c6c;\"><h3 class=\"fusion-title-heading title-heading-center fusion-responsive-typography-calculated\" style=\"margin:0;--fontSize:32;line-height:1.3;\">Axalingua, mucho m\u00e1s que una escuela<\/h3><\/div><\/div><\/div><\/div><\/div><div class=\"fusion-fullwidth fullwidth-box fusion-builder-row-2 hundred-percent-fullwidth non-hundred-percent-height-scrolling fusion-equal-height-columns\" style=\"--awb-border-radius-top-left:0px;--awb-border-radius-top-right:0px;--awb-border-radius-bottom-right:0px;--awb-border-radius-bottom-left:0px;--awb-padding-right:0px;--awb-padding-left:0px;--awb-flex-wrap:wrap;\" ><div class=\"fusion-builder-row fusion-row\"><div class=\"fusion-layout-column fusion_builder_column fusion-builder-column-1 fusion_builder_column_1_2 1_2 fusion-one-half fusion-column-first\" style=\"--awb-padding-top:60px;--awb-padding-right:14%;--awb-padding-bottom:120px;--awb-padding-left:14%;--awb-bg-image:linear-gradient(180deg, #7a7a7a 0%,rgba(122,122,122,0.5) 100%),url(https:\/\/www.axalingua.com\/wp-content\/uploads\/2020\/08\/equipo-axalingua.jpeg);;--awb-bg-blend:overlay;--awb-bg-size:cover;--awb-margin-bottom:0px;width:50%;width:calc(50% - ( ( 0% ) * 0.5 ) );margin-right: 0%;\"><div class=\"fusion-column-wrapper fusion-column-has-shadow fusion-flex-column-wrapper-legacy fusion-empty-column-bg-image fusion-column-has-bg-image\" data-bg-url=\"https:\/\/www.axalingua.com\/wp-content\/uploads\/2020\/08\/equipo-axalingua.jpeg\"><div class=\"fusion-column-content-centered\"><div class=\"fusion-column-content\"><img decoding=\"async\" class=\"fusion-empty-dims-img-placeholder fusion-no-large-visibility\" aria-label=\"equipo-axalingua\" src=\"data:image\/svg+xml,%3Csvg%20xmlns%3D%27http%3A%2F%2Fwww.w3.org%2F2000%2Fsvg%27%20width%3D%271401%27%20height%3D%27946%27%20viewBox%3D%270%200%201401%20946%27%3E%3Crect%20width%3D%271401%27%20height%3D%27946%27%20fill-opacity%3D%220%22%2F%3E%3C%2Fsvg%3E\"><\/div><\/div><div class=\"fusion-clearfix\"><\/div><\/div><\/div><div class=\"fusion-layout-column fusion_builder_column fusion-builder-column-2 fusion_builder_column_1_2 1_2 fusion-one-half fusion-column-last\" style=\"--awb-padding-top:60px;--awb-padding-right:10%;--awb-padding-bottom:120px;--awb-padding-left:10%;--awb-bg-image:linear-gradient(180deg, rgba(192,81,92,0.6) 0%,rgba(192,81,92,0.6) 100%),url(https:\/\/www.axalingua.com\/wp-content\/uploads\/2020\/08\/tall-5star-background3.jpg);;--awb-bg-size:cover;--awb-margin-bottom:0px;width:50%;width:calc(50% - ( ( 0% ) * 0.5 ) );\"><div class=\"fusion-column-wrapper fusion-column-has-shadow fusion-flex-column-wrapper-legacy fusion-column-has-bg-image\" data-bg-url=\"https:\/\/www.axalingua.com\/wp-content\/uploads\/2020\/08\/tall-5star-background3.jpg\"><div class=\"fusion-column-content-centered\"><div class=\"fusion-column-content\"><div class=\"fusion-title title fusion-title-3 fusion-sep-none fusion-title-text fusion-title-size-three\" style=\"--awb-font-size:18px;\"><h3 class=\"fusion-title-heading title-heading-left fusion-responsive-typography-calculated\" style=\"margin:0;font-size:1em;--fontSize:18;--minFontSize:18;line-height:1.3;\"><span style=\"color: #ffffff;\">Axalingua es una escuela de espa\u00f1ol que naci\u00f3 en 2009. Llevamos m\u00e1s de 10 a\u00f1os trabajando en la ense\u00f1anza del espa\u00f1ol para extranjeros, tanto de forma presencial como online.<\/span><\/h3><\/div><div class=\"fusion-sep-clear\"><\/div><div class=\"fusion-separator fusion-clearfix\" style=\"float:left;margin-top:20px;margin-bottom:40px;width:100%;max-width:120px;\"><div class=\"fusion-separator-border sep-single\" style=\"--awb-height:20px;--awb-amount:20px;--awb-sep-color:rgba(255,255,255,0.7);border-color:rgba(255,255,255,0.7);border-top-width:4px;\"><\/div><\/div><div class=\"fusion-sep-clear\"><\/div><div class=\"fusion-text fusion-text-1\"><p><span style=\"color: #ffffff;\">Axalingua est\u00e1 formado por un grupo de profesores que trabajan con ilusi\u00f3n para hacer que el aprendizaje de sus estudiantes de espa\u00f1ol sea divertido, eficaz y motivador. Todos los miembros del equipo de Axalingua son profesores en activo que se forman continuamente para estar siempre actualizados en las tendencias metodol\u00f3gicas de la ense\u00f1anza de idiomas, muy especialmente del espa\u00f1ol. <\/span><\/p>\n<\/div><\/div><\/div><div class=\"fusion-clearfix\"><\/div><\/div><\/div><\/div><\/div><div class=\"fusion-fullwidth fullwidth-box fusion-builder-row-3 nonhundred-percent-fullwidth non-hundred-percent-height-scrolling\" style=\"--awb-border-radius-top-left:0px;--awb-border-radius-top-right:0px;--awb-border-radius-bottom-right:0px;--awb-border-radius-bottom-left:0px;--awb-padding-top:6%;--awb-padding-bottom:1%;--awb-flex-wrap:wrap;\" ><div class=\"fusion-builder-row fusion-row\"><div class=\"fusion-layout-column fusion_builder_column fusion-builder-column-3 fusion_builder_column_1_1 1_1 fusion-one-full fusion-column-first fusion-column-last fusion-animated\" style=\"--awb-bg-size:cover;\" data-animationType=\"fadeInUp\" data-animationDuration=\"1.0\" data-animationOffset=\"top-into-view\"><div class=\"fusion-column-wrapper fusion-column-has-shadow fusion-flex-column-wrapper-legacy\"><div class=\"fusion-title title fusion-title-4 fusion-sep-none fusion-title-center fusion-title-text fusion-title-size-three\" style=\"--awb-text-color:#6c6c6c;--awb-margin-top:0px;--awb-margin-bottom:0px;--awb-margin-top-small:40px;--awb-margin-bottom-small:0px;--awb-font-size:35px;\"><h3 class=\"fusion-title-heading title-heading-center fusion-responsive-typography-calculated\" style=\"font-family:&quot;Montserrat&quot;;font-style:normal;font-weight:600;margin:0;font-size:1em;--fontSize:35;line-height:1;\">Nuestros profesores y escuelas<\/h3><\/div><div class=\"fusion-sep-clear\"><\/div><div class=\"fusion-separator\" style=\"margin-left: auto;margin-right: auto;margin-top:30px;margin-bottom:10px;width:100%;max-width:120px;\"><div class=\"fusion-separator-border sep-single\" style=\"--awb-height:20px;--awb-amount:20px;border-color:rgba(192,81,92,0.5);border-top-width:4px;\"><\/div><\/div><div class=\"fusion-sep-clear\"><\/div><div class=\"fusion-clearfix\"><\/div><\/div><\/div><div class=\"fusion-layout-column fusion_builder_column fusion-builder-column-4 fusion_builder_column_1_5 1_5 fusion-one-fifth fusion-column-first fusion-no-small-visibility fusion-no-medium-visibility\" style=\"--awb-bg-size:cover;width:20%;width:calc(20% - ( ( 4% + 4% ) * 0.2 ) );margin-right: 4%;\"><div class=\"fusion-column-wrapper fusion-column-has-shadow fusion-flex-column-wrapper-legacy\"><div class=\"fusion-clearfix\"><\/div><\/div><\/div><div class=\"fusion-layout-column fusion_builder_column fusion-builder-column-5 fusion_builder_column_3_5 3_5 fusion-three-fifth fusion-animated\" style=\"--awb-bg-size:cover;width:60%;width:calc(60% - ( ( 4% + 4% ) * 0.6 ) );margin-right: 4%;\" data-animationType=\"fadeInRight\" data-animationDuration=\"1.0\" data-animationOffset=\"top-into-view\"><div class=\"fusion-column-wrapper fusion-column-has-shadow fusion-flex-column-wrapper-legacy\"><div class=\"fusion-text fusion-text-2\"><p style=\"text-align: center;\">Puedes conocernos un poco mejor en los siguientes enlaces, donde encontrar\u00e1s a nuestro equipo de profesores y podr\u00e1s conocer m\u00e1s sobre nuestras instalaciones.<\/p>\n<\/div><div class=\"fusion-clearfix\"><\/div><\/div><\/div><div class=\"fusion-layout-column fusion_builder_column fusion-builder-column-6 fusion_builder_column_1_5 1_5 fusion-one-fifth fusion-column-last fusion-no-small-visibility fusion-no-medium-visibility\" style=\"--awb-bg-size:cover;width:20%;width:calc(20% - ( ( 4% + 4% ) * 0.2 ) );\"><div class=\"fusion-column-wrapper fusion-column-has-shadow fusion-flex-column-wrapper-legacy\"><div class=\"fusion-clearfix\"><\/div><\/div><\/div><\/div><\/div><div class=\"fusion-fullwidth fullwidth-box fusion-builder-row-4 fusion-flex-container nonhundred-percent-fullwidth non-hundred-percent-height-scrolling\" style=\"--awb-border-radius-top-left:0px;--awb-border-radius-top-right:0px;--awb-border-radius-bottom-right:0px;--awb-border-radius-bottom-left:0px;--awb-background-color:#ffffff;--awb-flex-wrap:wrap;\" ><div class=\"fusion-builder-row fusion-row fusion-flex-align-items-stretch fusion-flex-content-wrap\" style=\"max-width:1248px;margin-left: calc(-4% \/ 2 );margin-right: calc(-4% \/ 2 );\"><div class=\"fusion-layout-column fusion_builder_column fusion-builder-column-7 fusion_builder_column_1_2 1_2 fusion-flex-column fusion-animated\" style=\"--awb-padding-top:20px;--awb-padding-right:20px;--awb-padding-bottom:20px;--awb-padding-left:20px;--awb-overflow:hidden;--awb-bg-size:cover;--awb-border-color:rgba(192,81,92,0.2);--awb-border-top:1px;--awb-border-right:1px;--awb-border-bottom:1px;--awb-border-left:1px;--awb-border-style:solid;--awb-border-radius:2px 2px 2px 2px;--awb-width-large:50%;--awb-margin-top-large:0px;--awb-spacing-right-large:3.84%;--awb-margin-bottom-large:20px;--awb-spacing-left-large:3.84%;--awb-width-medium:100%;--awb-order-medium:0;--awb-spacing-right-medium:1.92%;--awb-spacing-left-medium:1.92%;--awb-width-small:100%;--awb-order-small:0;--awb-spacing-right-small:1.92%;--awb-spacing-left-small:1.92%;\" data-animationType=\"fadeInUp\" data-animationDuration=\"1.0\" data-animationOffset=\"top-into-view\"><div class=\"fusion-column-wrapper fusion-column-has-shadow fusion-flex-justify-content-flex-start fusion-content-layout-column\"><div class=\"fusion-image-element \" style=\"text-align:center;--awb-max-width:170px;--awb-caption-title-font-family:var(--h2_typography-font-family);--awb-caption-title-font-weight:var(--h2_typography-font-weight);--awb-caption-title-font-style:var(--h2_typography-font-style);--awb-caption-title-size:var(--h2_typography-font-size);--awb-caption-title-transform:var(--h2_typography-text-transform);--awb-caption-title-line-height:var(--h2_typography-line-height);--awb-caption-title-letter-spacing:var(--h2_typography-letter-spacing);\"><span class=\" fusion-imageframe imageframe-none imageframe-1 hover-type-none\"><img decoding=\"async\" width=\"599\" height=\"599\" title=\"profesores\" src=\"https:\/\/www.axalingua.com\/wp-content\/uploads\/2020\/08\/profesores.png\" alt class=\"img-responsive wp-image-1063\" srcset=\"https:\/\/www.axalingua.com\/wp-content\/uploads\/2020\/08\/profesores-200x200.png 200w, https:\/\/www.axalingua.com\/wp-content\/uploads\/2020\/08\/profesores-400x400.png 400w, https:\/\/www.axalingua.com\/wp-content\/uploads\/2020\/08\/profesores.png 599w\" sizes=\"(max-width: 1024px) 100vw, (max-width: 640px) 100vw, 599px\" \/><\/span><\/div><div class=\"fusion-text fusion-text-3\"><p style=\"text-align: center;\">Profesores de espa\u00f1ol de Axalingua<\/p>\n<\/div><div style=\"text-align:center;\"><a class=\"fusion-button button-flat button-large button-default fusion-button-default button-1 fusion-button-default-span fusion-button-default-type\" style=\"--button_text_transform:uppercase;\" target=\"_self\" href=\"https:\/\/www.axalingua.com\/profesores\/\"><span class=\"fusion-button-text awb-button__text awb-button__text--default\">Ver<\/span><\/a><\/div><\/div><\/div><div class=\"fusion-layout-column fusion_builder_column fusion-builder-column-8 fusion_builder_column_1_2 1_2 fusion-flex-column fusion-animated\" style=\"--awb-padding-top:20px;--awb-padding-right:20px;--awb-padding-bottom:20px;--awb-padding-left:20px;--awb-overflow:hidden;--awb-bg-size:cover;--awb-border-color:rgba(192,81,92,0.2);--awb-border-top:1px;--awb-border-right:1px;--awb-border-bottom:1px;--awb-border-left:1px;--awb-border-style:solid;--awb-border-radius:2px 2px 2px 2px;--awb-width-large:50%;--awb-margin-top-large:0px;--awb-spacing-right-large:3.84%;--awb-margin-bottom-large:20px;--awb-spacing-left-large:3.84%;--awb-width-medium:100%;--awb-order-medium:0;--awb-spacing-right-medium:1.92%;--awb-spacing-left-medium:1.92%;--awb-width-small:100%;--awb-order-small:0;--awb-spacing-right-small:1.92%;--awb-spacing-left-small:1.92%;\" data-animationType=\"fadeInUp\" data-animationDuration=\"1.0\" data-animationOffset=\"top-into-view\"><div class=\"fusion-column-wrapper fusion-column-has-shadow fusion-flex-justify-content-flex-start fusion-content-layout-column\"><div class=\"fusion-image-element \" style=\"text-align:center;--awb-max-width:170px;--awb-caption-title-font-family:var(--h2_typography-font-family);--awb-caption-title-font-weight:var(--h2_typography-font-weight);--awb-caption-title-font-style:var(--h2_typography-font-style);--awb-caption-title-size:var(--h2_typography-font-size);--awb-caption-title-transform:var(--h2_typography-text-transform);--awb-caption-title-line-height:var(--h2_typography-line-height);--awb-caption-title-letter-spacing:var(--h2_typography-letter-spacing);\"><span class=\" fusion-imageframe imageframe-none imageframe-2 hover-type-none\"><img decoding=\"async\" width=\"599\" height=\"599\" alt=\"home-icon\" title=\"home-icon\" src=\"https:\/\/www.axalingua.com\/wp-content\/uploads\/2020\/08\/home-icon.png\" class=\"img-responsive wp-image-878\" srcset=\"https:\/\/www.axalingua.com\/wp-content\/uploads\/2020\/08\/home-icon-200x200.png 200w, https:\/\/www.axalingua.com\/wp-content\/uploads\/2020\/08\/home-icon-400x400.png 400w, https:\/\/www.axalingua.com\/wp-content\/uploads\/2020\/08\/home-icon.png 599w\" sizes=\"(max-width: 1024px) 100vw, (max-width: 640px) 100vw, 599px\" \/><\/span><\/div><div class=\"fusion-text fusion-text-4\"><p style=\"text-align: center;\">Instalaciones de Axalingua<\/p>\n<\/div><div style=\"text-align:center;\"><a class=\"fusion-button button-flat button-large button-default fusion-button-default button-2 fusion-button-default-span fusion-button-default-type\" style=\"--button_text_transform:uppercase;\" target=\"_self\" href=\"https:\/\/www.axalingua.com\/nuestras-escuelas\/\"><span class=\"fusion-button-text awb-button__text awb-button__text--default\">Ver<\/span><\/a><\/div><\/div><\/div><\/div><\/div><\/p>\n","protected":false},"excerpt":{"rendered":"","protected":false},"author":1,"featured_media":0,"parent":0,"menu_order":0,"comment_status":"closed","ping_status":"closed","template":"100-width.php","meta":{"footnotes":""},"class_list":["post-1029","page","type-page","status-publish","hentry"],"yoast_head":"<!-- This site is optimized with the Yoast SEO plugin v27.2 - https:\/\/yoast.com\/product\/yoast-seo-wordpress\/ -->\n<title>Sobre nosotros - Axalingua. Cursos de ingl&eacute;s, franc&eacute;s y alem&aacute;n.<\/title>\n<meta name=\"robots\" content=\"index, follow, max-snippet:-1, max-image-preview:large, max-video-preview:-1\" \/>\n<link rel=\"canonical\" href=\"https:\/\/www.axalingua.com\/es\/sobre-nosotros\/\" \/>\n<meta property=\"og:locale\" content=\"es_ES\" \/>\n<meta property=\"og:type\" content=\"article\" \/>\n<meta property=\"og:title\" content=\"Sobre nosotros - Axalingua. Cursos de ingl&eacute;s, franc&eacute;s y alem&aacute;n.\" \/>\n<meta property=\"og:url\" content=\"https:\/\/www.axalingua.com\/es\/sobre-nosotros\/\" \/>\n<meta property=\"og:site_name\" content=\"Axalingua. Cursos de ingl&eacute;s, franc&eacute;s y alem&aacute;n.\" \/>\n<meta property=\"article:modified_time\" content=\"2020-11-13T11:15:35+00:00\" \/>\n<meta name=\"twitter:card\" content=\"summary_large_image\" \/>\n<meta name=\"twitter:label1\" content=\"Tiempo de lectura\" \/>\n\t<meta name=\"twitter:data1\" content=\"24 minutos\" \/>\n<script type=\"application\/ld+json\" class=\"yoast-schema-graph\">{\"@context\":\"https:\/\/schema.org\",\"@graph\":[{\"@type\":\"WebPage\",\"@id\":\"https:\/\/www.axalingua.com\/es\/sobre-nosotros\/\",\"url\":\"https:\/\/www.axalingua.com\/es\/sobre-nosotros\/\",\"name\":\"Sobre nosotros - Axalingua. Cursos de ingl&eacute;s, franc&eacute;s y alem&aacute;n.\",\"isPartOf\":{\"@id\":\"https:\/\/www.axalingua.com\/es\/#website\"},\"datePublished\":\"2020-08-11T11:17:45+00:00\",\"dateModified\":\"2020-11-13T11:15:35+00:00\",\"breadcrumb\":{\"@id\":\"https:\/\/www.axalingua.com\/es\/sobre-nosotros\/#breadcrumb\"},\"inLanguage\":\"es\",\"potentialAction\":[{\"@type\":\"ReadAction\",\"target\":[\"https:\/\/www.axalingua.com\/es\/sobre-nosotros\/\"]}]},{\"@type\":\"BreadcrumbList\",\"@id\":\"https:\/\/www.axalingua.com\/es\/sobre-nosotros\/#breadcrumb\",\"itemListElement\":[{\"@type\":\"ListItem\",\"position\":1,\"name\":\"Portada\",\"item\":\"https:\/\/www.axalingua.com\/es\/\"},{\"@type\":\"ListItem\",\"position\":2,\"name\":\"Sobre nosotros\"}]},{\"@type\":\"WebSite\",\"@id\":\"https:\/\/www.axalingua.com\/es\/#website\",\"url\":\"https:\/\/www.axalingua.com\/es\/\",\"name\":\"Axalingua. Cursos de ingl&eacute;s, franc&eacute;s y alem&aacute;n.\",\"description\":\"Cursos de espa&ntilde;ol en Andalucia. Aprende espa&ntilde;ol en Colmenar, un precioso pueblo blanco en la Alta Axarqu&iacute;a, al lado del parque natural de los Montes de M&aacute;laga.\",\"potentialAction\":[{\"@type\":\"SearchAction\",\"target\":{\"@type\":\"EntryPoint\",\"urlTemplate\":\"https:\/\/www.axalingua.com\/es\/?s={search_term_string}\"},\"query-input\":{\"@type\":\"PropertyValueSpecification\",\"valueRequired\":true,\"valueName\":\"search_term_string\"}}],\"inLanguage\":\"es\"}]}<\/script>\n<!-- \/ Yoast SEO plugin. -->","yoast_head_json":{"title":"Sobre nosotros - Axalingua. Cursos de ingl&eacute;s, franc&eacute;s y alem&aacute;n.","robots":{"index":"index","follow":"follow","max-snippet":"max-snippet:-1","max-image-preview":"max-image-preview:large","max-video-preview":"max-video-preview:-1"},"canonical":"https:\/\/www.axalingua.com\/es\/sobre-nosotros\/","og_locale":"es_ES","og_type":"article","og_title":"Sobre nosotros - Axalingua. Cursos de ingl&eacute;s, franc&eacute;s y alem&aacute;n.","og_url":"https:\/\/www.axalingua.com\/es\/sobre-nosotros\/","og_site_name":"Axalingua. Cursos de ingl&eacute;s, franc&eacute;s y alem&aacute;n.","article_modified_time":"2020-11-13T11:15:35+00:00","twitter_card":"summary_large_image","twitter_misc":{"Tiempo de lectura":"24 minutos"},"schema":{"@context":"https:\/\/schema.org","@graph":[{"@type":"WebPage","@id":"https:\/\/www.axalingua.com\/es\/sobre-nosotros\/","url":"https:\/\/www.axalingua.com\/es\/sobre-nosotros\/","name":"Sobre nosotros - Axalingua. Cursos de ingl&eacute;s, franc&eacute;s y alem&aacute;n.","isPartOf":{"@id":"https:\/\/www.axalingua.com\/es\/#website"},"datePublished":"2020-08-11T11:17:45+00:00","dateModified":"2020-11-13T11:15:35+00:00","breadcrumb":{"@id":"https:\/\/www.axalingua.com\/es\/sobre-nosotros\/#breadcrumb"},"inLanguage":"es","potentialAction":[{"@type":"ReadAction","target":["https:\/\/www.axalingua.com\/es\/sobre-nosotros\/"]}]},{"@type":"BreadcrumbList","@id":"https:\/\/www.axalingua.com\/es\/sobre-nosotros\/#breadcrumb","itemListElement":[{"@type":"ListItem","position":1,"name":"Portada","item":"https:\/\/www.axalingua.com\/es\/"},{"@type":"ListItem","position":2,"name":"Sobre nosotros"}]},{"@type":"WebSite","@id":"https:\/\/www.axalingua.com\/es\/#website","url":"https:\/\/www.axalingua.com\/es\/","name":"Axalingua. Cursos de ingl&eacute;s, franc&eacute;s y alem&aacute;n.","description":"Cursos de espa&ntilde;ol en Andalucia. Aprende espa&ntilde;ol en Colmenar, un precioso pueblo blanco en la Alta Axarqu&iacute;a, al lado del parque natural de los Montes de M&aacute;laga.","potentialAction":[{"@type":"SearchAction","target":{"@type":"EntryPoint","urlTemplate":"https:\/\/www.axalingua.com\/es\/?s={search_term_string}"},"query-input":{"@type":"PropertyValueSpecification","valueRequired":true,"valueName":"search_term_string"}}],"inLanguage":"es"}]}},"_links":{"self":[{"href":"https:\/\/www.axalingua.com\/es\/wp-json\/wp\/v2\/pages\/1029","targetHints":{"allow":["GET"]}}],"collection":[{"href":"https:\/\/www.axalingua.com\/es\/wp-json\/wp\/v2\/pages"}],"about":[{"href":"https:\/\/www.axalingua.com\/es\/wp-json\/wp\/v2\/types\/page"}],"author":[{"embeddable":true,"href":"https:\/\/www.axalingua.com\/es\/wp-json\/wp\/v2\/users\/1"}],"replies":[{"embeddable":true,"href":"https:\/\/www.axalingua.com\/es\/wp-json\/wp\/v2\/comments?post=1029"}],"version-history":[{"count":53,"href":"https:\/\/www.axalingua.com\/es\/wp-json\/wp\/v2\/pages\/1029\/revisions"}],"predecessor-version":[{"id":1460,"href":"https:\/\/www.axalingua.com\/es\/wp-json\/wp\/v2\/pages\/1029\/revisions\/1460"}],"wp:attachment":[{"href":"https:\/\/www.axalingua.com\/es\/wp-json\/wp\/v2\/media?parent=1029"}],"curies":[{"name":"wp","href":"https:\/\/api.w.org\/{rel}","templated":true}]}}