{"id":1196,"date":"2020-08-13T13:32:32","date_gmt":"2020-08-13T11:32:32","guid":{"rendered":"https:\/\/www.axalingua.com\/?page_id=1196"},"modified":"2020-11-12T14:58:02","modified_gmt":"2020-11-12T12:58:02","slug":"alojamientos","status":"publish","type":"page","link":"https:\/\/www.axalingua.com\/es\/alojamientos\/","title":{"rendered":"Alojamientos"},"content":{"rendered":"<p><div class=\"fusion-fullwidth fullwidth-box fusion-builder-row-1 fusion-flex-container hundred-percent-fullwidth non-hundred-percent-height-scrolling\" style=\"--awb-border-radius-top-left:0px;--awb-border-radius-top-right:0px;--awb-border-radius-bottom-right:0px;--awb-border-radius-bottom-left:0px;--awb-padding-top:40px;--awb-padding-bottom:0px;--awb-margin-top:10%;--awb-margin-bottom:0px;--awb-flex-wrap:wrap;\" ><div class=\"fusion-builder-row fusion-row fusion-flex-align-items-flex-start fusion-flex-content-wrap\" style=\"width:104% !important;max-width:104% !important;margin-left: calc(-4% \/ 2 );margin-right: calc(-4% \/ 2 );\"><div class=\"fusion-layout-column fusion_builder_column fusion-builder-column-0 fusion_builder_column_1_1 1_1 fusion-flex-column fusion-animated\" style=\"--awb-padding-top:20px;--awb-padding-bottom:20px;--awb-bg-image:url(&#039;https:\/\/www.axalingua.com\/wp-content\/uploads\/2020\/08\/3459068-scaled.jpg&#039;);--awb-bg-size:cover;--awb-border-color:#e0e0e0;--awb-border-top:1px;--awb-border-right:0;--awb-border-bottom:1px;--awb-border-left:0;--awb-border-style:solid;--awb-width-large:100%;--awb-margin-top-large:0px;--awb-spacing-right-large:0px;--awb-margin-bottom-large:30px;--awb-spacing-left-large:0px;--awb-width-medium:100%;--awb-order-medium:0;--awb-spacing-right-medium:1.92%;--awb-spacing-left-medium:1.92%;--awb-width-small:100%;--awb-order-small:0;--awb-spacing-right-small:1.92%;--awb-spacing-left-small:1.92%;\" data-animationType=\"fadeIn\" data-animationDuration=\"1.0\" data-animationOffset=\"top-into-view\"><div class=\"fusion-column-wrapper fusion-column-has-shadow fusion-flex-justify-content-flex-start fusion-content-layout-column fusion-column-has-bg-image\" data-bg-url=\"https:\/\/www.axalingua.com\/wp-content\/uploads\/2020\/08\/3459068-scaled.jpg\"><div class=\"fusion-title title fusion-title-1 fusion-sep-none fusion-title-center fusion-title-text fusion-title-size-two\" style=\"--awb-text-color:#c0515c;--awb-margin-bottom:10px;\"><h2 class=\"fusion-title-heading title-heading-center fusion-responsive-typography-calculated\" style=\"font-family:&quot;Montserrat&quot;;font-style:normal;font-weight:700;margin:0;--fontSize:40;line-height:1;\">Alojamientos en Colmenar y Casabermeja<\/h2><\/div><\/div><\/div><\/div><\/div><div class=\"fusion-fullwidth fullwidth-box fusion-builder-row-2 fusion-flex-container nonhundred-percent-fullwidth non-hundred-percent-height-scrolling\" style=\"--awb-border-radius-top-left:0px;--awb-border-radius-top-right:0px;--awb-border-radius-bottom-right:0px;--awb-border-radius-bottom-left:0px;--awb-margin-top:50px;--awb-flex-wrap:wrap;\" ><div class=\"fusion-builder-row fusion-row fusion-flex-align-items-stretch fusion-flex-content-wrap\" style=\"max-width:1248px;margin-left: calc(-4% \/ 2 );margin-right: calc(-4% \/ 2 );\"><div class=\"fusion-layout-column fusion_builder_column fusion-builder-column-1 fusion_builder_column_1_2 1_2 fusion-flex-column\" style=\"--awb-padding-top:20px;--awb-padding-right:20px;--awb-padding-bottom:20px;--awb-padding-left:20px;--awb-bg-size:cover;--awb-border-color:#ededed;--awb-border-top:1px;--awb-border-right:1px;--awb-border-bottom:1px;--awb-border-left:1px;--awb-border-style:solid;--awb-width-large:50%;--awb-margin-top-large:0px;--awb-spacing-right-large:3.84%;--awb-margin-bottom-large:20px;--awb-spacing-left-large:3.84%;--awb-width-medium:100%;--awb-order-medium:0;--awb-spacing-right-medium:1.92%;--awb-spacing-left-medium:1.92%;--awb-width-small:100%;--awb-order-small:0;--awb-spacing-right-small:1.92%;--awb-spacing-left-small:1.92%;\"><div class=\"fusion-column-wrapper fusion-column-has-shadow fusion-flex-justify-content-flex-start fusion-content-layout-column\"><div class=\"fusion-image-element \" style=\"--awb-caption-title-font-family:var(--h2_typography-font-family);--awb-caption-title-font-weight:var(--h2_typography-font-weight);--awb-caption-title-font-style:var(--h2_typography-font-style);--awb-caption-title-size:var(--h2_typography-font-size);--awb-caption-title-transform:var(--h2_typography-text-transform);--awb-caption-title-line-height:var(--h2_typography-line-height);--awb-caption-title-letter-spacing:var(--h2_typography-letter-spacing);\"><span class=\" fusion-imageframe imageframe-none imageframe-1 hover-type-none\"><img decoding=\"async\" width=\"639\" height=\"330\" alt=\"Alojamiento con familias espa\u00f1olas\" title=\"Alojamiento con familias espa\u00f1olas\" src=\"https:\/\/www.axalingua.com\/wp-content\/uploads\/2020\/08\/familias.jpg\" class=\"img-responsive wp-image-1197\" srcset=\"https:\/\/www.axalingua.com\/wp-content\/uploads\/2020\/08\/familias-200x103.jpg 200w, https:\/\/www.axalingua.com\/wp-content\/uploads\/2020\/08\/familias-400x207.jpg 400w, https:\/\/www.axalingua.com\/wp-content\/uploads\/2020\/08\/familias-600x310.jpg 600w, https:\/\/www.axalingua.com\/wp-content\/uploads\/2020\/08\/familias.jpg 639w\" sizes=\"(max-width: 1024px) 100vw, (max-width: 640px) 100vw, 600px\" \/><\/span><\/div><div class=\"fusion-title title fusion-title-2 fusion-sep-none fusion-title-center fusion-title-text fusion-title-size-four\" style=\"--awb-margin-top:30px;\"><h4 class=\"fusion-title-heading title-heading-center fusion-responsive-typography-calculated\" style=\"margin:0;--fontSize:28;line-height:1.36;\">Alojamiento con familias espa\u00f1olas<\/h4><\/div><div class=\"fusion-separator\" style=\"align-self: center;margin-left: auto;margin-right: auto;margin-top:10px;margin-bottom:30px;width:100%;max-width:120px;\"><div class=\"fusion-separator-border sep-single\" style=\"--awb-height:20px;--awb-amount:20px;border-color:rgba(192,81,92,0.5);border-top-width:4px;\"><\/div><\/div><div class=\"fusion-text fusion-text-1\"><p>Los andaluces son conocidos por su hospitalidad y simpat\u00eda y, por eso, el alojamiento con familias espa\u00f1olas es una de las mejores opciones para hacer un curso de inmersi\u00f3n en espa\u00f1ol. En las familias ser\u00e1s recibido como un miembro m\u00e1s y te ayudar\u00e1n a sentirte como en casa, compartiendo contigo su vida y sus costumbres.<\/p>\n<\/div><div style=\"text-align:center;\"><a class=\"fusion-button button-flat fusion-button-default-size button-default fusion-button-default button-1 fusion-button-default-span fusion-button-default-type\" target=\"_self\" href=\"https:\/\/www.axalingua.com\/familias-espanolas\/\"><span class=\"fusion-button-text awb-button__text awb-button__text--default\">Alojamiento con familias espa\u00f1olas<\/span><\/a><\/div><\/div><\/div><div class=\"fusion-layout-column fusion_builder_column fusion-builder-column-2 fusion_builder_column_1_2 1_2 fusion-flex-column\" style=\"--awb-padding-top:20px;--awb-padding-right:20px;--awb-padding-bottom:20px;--awb-padding-left:20px;--awb-bg-size:cover;--awb-border-color:#ededed;--awb-border-top:1px;--awb-border-right:1px;--awb-border-bottom:1px;--awb-border-left:1px;--awb-border-style:solid;--awb-width-large:50%;--awb-margin-top-large:0px;--awb-spacing-right-large:3.84%;--awb-margin-bottom-large:20px;--awb-spacing-left-large:3.84%;--awb-width-medium:100%;--awb-order-medium:0;--awb-spacing-right-medium:1.92%;--awb-spacing-left-medium:1.92%;--awb-width-small:100%;--awb-order-small:0;--awb-spacing-right-small:1.92%;--awb-spacing-left-small:1.92%;\"><div class=\"fusion-column-wrapper fusion-column-has-shadow fusion-flex-justify-content-flex-start fusion-content-layout-column\"><div class=\"fusion-image-element \" style=\"--awb-caption-title-font-family:var(--h2_typography-font-family);--awb-caption-title-font-weight:var(--h2_typography-font-weight);--awb-caption-title-font-style:var(--h2_typography-font-style);--awb-caption-title-size:var(--h2_typography-font-size);--awb-caption-title-transform:var(--h2_typography-text-transform);--awb-caption-title-line-height:var(--h2_typography-line-height);--awb-caption-title-letter-spacing:var(--h2_typography-letter-spacing);\"><span class=\" fusion-imageframe imageframe-none imageframe-2 hover-type-none\"><img decoding=\"async\" width=\"639\" height=\"330\" alt=\"cortijo-piltraque\" title=\"cortijo-piltraque\" src=\"https:\/\/www.axalingua.com\/wp-content\/uploads\/2020\/08\/cortijo-piltraque.jpg\" class=\"img-responsive wp-image-1201\" srcset=\"https:\/\/www.axalingua.com\/wp-content\/uploads\/2020\/08\/cortijo-piltraque-200x103.jpg 200w, https:\/\/www.axalingua.com\/wp-content\/uploads\/2020\/08\/cortijo-piltraque-400x207.jpg 400w, https:\/\/www.axalingua.com\/wp-content\/uploads\/2020\/08\/cortijo-piltraque-600x310.jpg 600w, https:\/\/www.axalingua.com\/wp-content\/uploads\/2020\/08\/cortijo-piltraque.jpg 639w\" sizes=\"(max-width: 1024px) 100vw, (max-width: 640px) 100vw, 600px\" \/><\/span><\/div><div class=\"fusion-title title fusion-title-3 fusion-sep-none fusion-title-center fusion-title-text fusion-title-size-four\" style=\"--awb-margin-top:30px;\"><h4 class=\"fusion-title-heading title-heading-center fusion-responsive-typography-calculated\" style=\"margin:0;--fontSize:28;line-height:1.36;\">Hoteles en Colmenar<\/h4><\/div><div class=\"fusion-separator\" style=\"align-self: center;margin-left: auto;margin-right: auto;margin-top:10px;margin-bottom:30px;width:100%;max-width:120px;\"><div class=\"fusion-separator-border sep-single\" style=\"--awb-height:20px;--awb-amount:20px;border-color:rgba(192,81,92,0.5);border-top-width:4px;\"><\/div><\/div><div class=\"fusion-text fusion-text-2\"><p>Colmenar es un pueblo cerca de M\u00e1laga que ofrece a sus visitantes hoteles rurales con encanto donde disfrutar\u00e1n de la aut\u00e9ntica Andaluc\u00eda.<\/p>\n<\/div><div style=\"text-align:center;\"><a class=\"fusion-button button-flat fusion-button-default-size button-default fusion-button-default button-2 fusion-button-default-span fusion-button-default-type\" target=\"_self\" href=\"https:\/\/www.axalingua.com\/hoteles\/\"><span class=\"fusion-button-text awb-button__text awb-button__text--default\">Hoteles en Colmenar<\/span><\/a><\/div><\/div><\/div><div class=\"fusion-layout-column fusion_builder_column fusion-builder-column-3 fusion_builder_column_1_2 1_2 fusion-flex-column\" style=\"--awb-padding-top:20px;--awb-padding-right:20px;--awb-padding-bottom:20px;--awb-padding-left:20px;--awb-bg-size:cover;--awb-border-color:#ededed;--awb-border-top:1px;--awb-border-right:1px;--awb-border-bottom:1px;--awb-border-left:1px;--awb-border-style:solid;--awb-width-large:50%;--awb-margin-top-large:0px;--awb-spacing-right-large:3.84%;--awb-margin-bottom-large:20px;--awb-spacing-left-large:3.84%;--awb-width-medium:100%;--awb-order-medium:0;--awb-spacing-right-medium:1.92%;--awb-spacing-left-medium:1.92%;--awb-width-small:100%;--awb-order-small:0;--awb-spacing-right-small:1.92%;--awb-spacing-left-small:1.92%;\"><div class=\"fusion-column-wrapper fusion-column-has-shadow fusion-flex-justify-content-flex-start fusion-content-layout-column\"><div class=\"fusion-image-element \" style=\"--awb-caption-title-font-family:var(--h2_typography-font-family);--awb-caption-title-font-weight:var(--h2_typography-font-weight);--awb-caption-title-font-style:var(--h2_typography-font-style);--awb-caption-title-size:var(--h2_typography-font-size);--awb-caption-title-transform:var(--h2_typography-text-transform);--awb-caption-title-line-height:var(--h2_typography-line-height);--awb-caption-title-letter-spacing:var(--h2_typography-letter-spacing);\"><span class=\" fusion-imageframe imageframe-none imageframe-3 hover-type-none\"><img decoding=\"async\" width=\"639\" height=\"330\" alt=\"Apartamentos en Colmenar\" title=\"Apartamentos en Colmenar\" src=\"https:\/\/www.axalingua.com\/wp-content\/uploads\/2020\/08\/apartamentos.jpg\" class=\"img-responsive wp-image-1203\" srcset=\"https:\/\/www.axalingua.com\/wp-content\/uploads\/2020\/08\/apartamentos-200x103.jpg 200w, https:\/\/www.axalingua.com\/wp-content\/uploads\/2020\/08\/apartamentos-400x207.jpg 400w, https:\/\/www.axalingua.com\/wp-content\/uploads\/2020\/08\/apartamentos-600x310.jpg 600w, https:\/\/www.axalingua.com\/wp-content\/uploads\/2020\/08\/apartamentos.jpg 639w\" sizes=\"(max-width: 1024px) 100vw, (max-width: 640px) 100vw, 600px\" \/><\/span><\/div><div class=\"fusion-title title fusion-title-4 fusion-sep-none fusion-title-center fusion-title-text fusion-title-size-four\" style=\"--awb-margin-top:30px;\"><h4 class=\"fusion-title-heading title-heading-center fusion-responsive-typography-calculated\" style=\"margin:0;--fontSize:28;line-height:1.36;\">Apartamentos en Colmenar<\/h4><\/div><div class=\"fusion-separator\" style=\"align-self: center;margin-left: auto;margin-right: auto;margin-top:10px;margin-bottom:30px;width:100%;max-width:120px;\"><div class=\"fusion-separator-border sep-single\" style=\"--awb-height:20px;--awb-amount:20px;border-color:rgba(192,81,92,0.5);border-top-width:4px;\"><\/div><\/div><div class=\"fusion-text fusion-text-3\"><p>En Colmenar podr\u00e1s alojarte en apartamentos o peque\u00f1as casas. Disfruta de los restaurantes, de la tranquilidad y la paz de nuestro pueblo andaluz.<\/p>\n<\/div><div style=\"text-align:center;\"><a class=\"fusion-button button-flat fusion-button-default-size button-default fusion-button-default button-3 fusion-button-default-span fusion-button-default-type\" target=\"_self\" href=\"https:\/\/www.axalingua.com\/apartamentos\/\"><span class=\"fusion-button-text awb-button__text awb-button__text--default\">Apartamentos en Colmenar<\/span><\/a><\/div><\/div><\/div><div class=\"fusion-layout-column fusion_builder_column fusion-builder-column-4 fusion_builder_column_1_2 1_2 fusion-flex-column\" style=\"--awb-padding-top:20px;--awb-padding-right:20px;--awb-padding-bottom:20px;--awb-padding-left:20px;--awb-bg-size:cover;--awb-border-color:#ededed;--awb-border-top:1px;--awb-border-right:1px;--awb-border-bottom:1px;--awb-border-left:1px;--awb-border-style:solid;--awb-width-large:50%;--awb-margin-top-large:0px;--awb-spacing-right-large:3.84%;--awb-margin-bottom-large:20px;--awb-spacing-left-large:3.84%;--awb-width-medium:100%;--awb-order-medium:0;--awb-spacing-right-medium:1.92%;--awb-spacing-left-medium:1.92%;--awb-width-small:100%;--awb-order-small:0;--awb-spacing-right-small:1.92%;--awb-spacing-left-small:1.92%;\"><div class=\"fusion-column-wrapper fusion-column-has-shadow fusion-flex-justify-content-flex-start fusion-content-layout-column\"><div class=\"fusion-image-element \" style=\"--awb-caption-title-font-family:var(--h2_typography-font-family);--awb-caption-title-font-weight:var(--h2_typography-font-weight);--awb-caption-title-font-style:var(--h2_typography-font-style);--awb-caption-title-size:var(--h2_typography-font-size);--awb-caption-title-transform:var(--h2_typography-text-transform);--awb-caption-title-line-height:var(--h2_typography-line-height);--awb-caption-title-letter-spacing:var(--h2_typography-letter-spacing);\"><span class=\" fusion-imageframe imageframe-none imageframe-4 hover-type-none\"><img decoding=\"async\" width=\"639\" height=\"330\" title=\"casa-rural\" src=\"https:\/\/www.axalingua.com\/wp-content\/uploads\/2020\/08\/casa-rural.jpg\" alt class=\"img-responsive wp-image-1204\" srcset=\"https:\/\/www.axalingua.com\/wp-content\/uploads\/2020\/08\/casa-rural-200x103.jpg 200w, https:\/\/www.axalingua.com\/wp-content\/uploads\/2020\/08\/casa-rural-400x207.jpg 400w, https:\/\/www.axalingua.com\/wp-content\/uploads\/2020\/08\/casa-rural-600x310.jpg 600w, https:\/\/www.axalingua.com\/wp-content\/uploads\/2020\/08\/casa-rural.jpg 639w\" sizes=\"(max-width: 1024px) 100vw, (max-width: 640px) 100vw, 600px\" \/><\/span><\/div><div class=\"fusion-title title fusion-title-5 fusion-sep-none fusion-title-center fusion-title-text fusion-title-size-four\" style=\"--awb-margin-top:30px;\"><h4 class=\"fusion-title-heading title-heading-center fusion-responsive-typography-calculated\" style=\"margin:0;--fontSize:28;line-height:1.36;\">Casas rurales<\/h4><\/div><div class=\"fusion-separator\" style=\"align-self: center;margin-left: auto;margin-right: auto;margin-top:10px;margin-bottom:30px;width:100%;max-width:120px;\"><div class=\"fusion-separator-border sep-single\" style=\"--awb-height:20px;--awb-amount:20px;border-color:rgba(192,81,92,0.5);border-top-width:4px;\"><\/div><\/div><div class=\"fusion-text fusion-text-4\"><p>Si lo que te gusta es disfrutar de la tranquilidad del campo, Colmenar y Casabermeja te ofrecen una gran variedad de casas rurales en las que alojarte durante tu curso de espa\u00f1ol.<\/p>\n<\/div><div style=\"text-align:center;\"><a class=\"fusion-button button-flat fusion-button-default-size button-default fusion-button-default button-4 fusion-button-default-span fusion-button-default-type\" target=\"_self\" href=\"https:\/\/www.axalingua.com\/casas-rurales\/\"><span class=\"fusion-button-text awb-button__text awb-button__text--default\">Casas rurales<\/span><\/a><\/div><\/div><\/div><\/div><\/div><\/p>\n","protected":false},"excerpt":{"rendered":"","protected":false},"author":1,"featured_media":0,"parent":0,"menu_order":0,"comment_status":"closed","ping_status":"closed","template":"100-width.php","meta":{"footnotes":""},"class_list":["post-1196","page","type-page","status-publish","hentry"],"yoast_head":"<!-- This site is optimized with the Yoast SEO plugin v27.2 - https:\/\/yoast.com\/product\/yoast-seo-wordpress\/ -->\n<title>Alojamientos - Axalingua. Cursos de ingl&eacute;s, franc&eacute;s y alem&aacute;n.<\/title>\n<meta name=\"robots\" content=\"index, follow, max-snippet:-1, max-image-preview:large, max-video-preview:-1\" \/>\n<link rel=\"canonical\" href=\"https:\/\/www.axalingua.com\/es\/alojamientos\/\" \/>\n<meta property=\"og:locale\" content=\"es_ES\" \/>\n<meta property=\"og:type\" content=\"article\" \/>\n<meta property=\"og:title\" content=\"Alojamientos - Axalingua. Cursos de ingl&eacute;s, franc&eacute;s y alem&aacute;n.\" \/>\n<meta property=\"og:url\" content=\"https:\/\/www.axalingua.com\/es\/alojamientos\/\" \/>\n<meta property=\"og:site_name\" content=\"Axalingua. Cursos de ingl&eacute;s, franc&eacute;s y alem&aacute;n.\" \/>\n<meta property=\"article:modified_time\" content=\"2020-11-12T12:58:02+00:00\" \/>\n<meta name=\"twitter:card\" content=\"summary_large_image\" \/>\n<meta name=\"twitter:label1\" content=\"Tiempo de lectura\" \/>\n\t<meta name=\"twitter:data1\" content=\"20 minutos\" \/>\n<script type=\"application\/ld+json\" class=\"yoast-schema-graph\">{\"@context\":\"https:\/\/schema.org\",\"@graph\":[{\"@type\":\"WebPage\",\"@id\":\"https:\/\/www.axalingua.com\/es\/alojamientos\/\",\"url\":\"https:\/\/www.axalingua.com\/es\/alojamientos\/\",\"name\":\"Alojamientos - Axalingua. Cursos de ingl&eacute;s, franc&eacute;s y alem&aacute;n.\",\"isPartOf\":{\"@id\":\"https:\/\/www.axalingua.com\/es\/#website\"},\"datePublished\":\"2020-08-13T11:32:32+00:00\",\"dateModified\":\"2020-11-12T12:58:02+00:00\",\"breadcrumb\":{\"@id\":\"https:\/\/www.axalingua.com\/es\/alojamientos\/#breadcrumb\"},\"inLanguage\":\"es\",\"potentialAction\":[{\"@type\":\"ReadAction\",\"target\":[\"https:\/\/www.axalingua.com\/es\/alojamientos\/\"]}]},{\"@type\":\"BreadcrumbList\",\"@id\":\"https:\/\/www.axalingua.com\/es\/alojamientos\/#breadcrumb\",\"itemListElement\":[{\"@type\":\"ListItem\",\"position\":1,\"name\":\"Portada\",\"item\":\"https:\/\/www.axalingua.com\/es\/\"},{\"@type\":\"ListItem\",\"position\":2,\"name\":\"Alojamientos\"}]},{\"@type\":\"WebSite\",\"@id\":\"https:\/\/www.axalingua.com\/es\/#website\",\"url\":\"https:\/\/www.axalingua.com\/es\/\",\"name\":\"Axalingua. Cursos de ingl&eacute;s, franc&eacute;s y alem&aacute;n.\",\"description\":\"Cursos de espa&ntilde;ol en Andalucia. Aprende espa&ntilde;ol en Colmenar, un precioso pueblo blanco en la Alta Axarqu&iacute;a, al lado del parque natural de los Montes de M&aacute;laga.\",\"potentialAction\":[{\"@type\":\"SearchAction\",\"target\":{\"@type\":\"EntryPoint\",\"urlTemplate\":\"https:\/\/www.axalingua.com\/es\/?s={search_term_string}\"},\"query-input\":{\"@type\":\"PropertyValueSpecification\",\"valueRequired\":true,\"valueName\":\"search_term_string\"}}],\"inLanguage\":\"es\"}]}<\/script>\n<!-- \/ Yoast SEO plugin. -->","yoast_head_json":{"title":"Alojamientos - Axalingua. Cursos de ingl&eacute;s, franc&eacute;s y alem&aacute;n.","robots":{"index":"index","follow":"follow","max-snippet":"max-snippet:-1","max-image-preview":"max-image-preview:large","max-video-preview":"max-video-preview:-1"},"canonical":"https:\/\/www.axalingua.com\/es\/alojamientos\/","og_locale":"es_ES","og_type":"article","og_title":"Alojamientos - Axalingua. Cursos de ingl&eacute;s, franc&eacute;s y alem&aacute;n.","og_url":"https:\/\/www.axalingua.com\/es\/alojamientos\/","og_site_name":"Axalingua. Cursos de ingl&eacute;s, franc&eacute;s y alem&aacute;n.","article_modified_time":"2020-11-12T12:58:02+00:00","twitter_card":"summary_large_image","twitter_misc":{"Tiempo de lectura":"20 minutos"},"schema":{"@context":"https:\/\/schema.org","@graph":[{"@type":"WebPage","@id":"https:\/\/www.axalingua.com\/es\/alojamientos\/","url":"https:\/\/www.axalingua.com\/es\/alojamientos\/","name":"Alojamientos - Axalingua. Cursos de ingl&eacute;s, franc&eacute;s y alem&aacute;n.","isPartOf":{"@id":"https:\/\/www.axalingua.com\/es\/#website"},"datePublished":"2020-08-13T11:32:32+00:00","dateModified":"2020-11-12T12:58:02+00:00","breadcrumb":{"@id":"https:\/\/www.axalingua.com\/es\/alojamientos\/#breadcrumb"},"inLanguage":"es","potentialAction":[{"@type":"ReadAction","target":["https:\/\/www.axalingua.com\/es\/alojamientos\/"]}]},{"@type":"BreadcrumbList","@id":"https:\/\/www.axalingua.com\/es\/alojamientos\/#breadcrumb","itemListElement":[{"@type":"ListItem","position":1,"name":"Portada","item":"https:\/\/www.axalingua.com\/es\/"},{"@type":"ListItem","position":2,"name":"Alojamientos"}]},{"@type":"WebSite","@id":"https:\/\/www.axalingua.com\/es\/#website","url":"https:\/\/www.axalingua.com\/es\/","name":"Axalingua. Cursos de ingl&eacute;s, franc&eacute;s y alem&aacute;n.","description":"Cursos de espa&ntilde;ol en Andalucia. Aprende espa&ntilde;ol en Colmenar, un precioso pueblo blanco en la Alta Axarqu&iacute;a, al lado del parque natural de los Montes de M&aacute;laga.","potentialAction":[{"@type":"SearchAction","target":{"@type":"EntryPoint","urlTemplate":"https:\/\/www.axalingua.com\/es\/?s={search_term_string}"},"query-input":{"@type":"PropertyValueSpecification","valueRequired":true,"valueName":"search_term_string"}}],"inLanguage":"es"}]}},"_links":{"self":[{"href":"https:\/\/www.axalingua.com\/es\/wp-json\/wp\/v2\/pages\/1196","targetHints":{"allow":["GET"]}}],"collection":[{"href":"https:\/\/www.axalingua.com\/es\/wp-json\/wp\/v2\/pages"}],"about":[{"href":"https:\/\/www.axalingua.com\/es\/wp-json\/wp\/v2\/types\/page"}],"author":[{"embeddable":true,"href":"https:\/\/www.axalingua.com\/es\/wp-json\/wp\/v2\/users\/1"}],"replies":[{"embeddable":true,"href":"https:\/\/www.axalingua.com\/es\/wp-json\/wp\/v2\/comments?post=1196"}],"version-history":[{"count":9,"href":"https:\/\/www.axalingua.com\/es\/wp-json\/wp\/v2\/pages\/1196\/revisions"}],"predecessor-version":[{"id":1446,"href":"https:\/\/www.axalingua.com\/es\/wp-json\/wp\/v2\/pages\/1196\/revisions\/1446"}],"wp:attachment":[{"href":"https:\/\/www.axalingua.com\/es\/wp-json\/wp\/v2\/media?parent=1196"}],"curies":[{"name":"wp","href":"https:\/\/api.w.org\/{rel}","templated":true}]}}