{"id":1209,"date":"2020-08-13T13:48:37","date_gmt":"2020-08-13T11:48:37","guid":{"rendered":"https:\/\/www.axalingua.com\/?page_id=1209"},"modified":"2020-11-13T13:14:03","modified_gmt":"2020-11-13T11:14:03","slug":"familias-espanolas","status":"publish","type":"page","link":"https:\/\/www.axalingua.com\/es\/familias-espanolas\/","title":{"rendered":"Familias espa\u00f1olas"},"content":{"rendered":"<p><div class=\"fusion-fullwidth fullwidth-box fusion-builder-row-1 fusion-flex-container hundred-percent-fullwidth non-hundred-percent-height-scrolling\" style=\"--awb-border-radius-top-left:0px;--awb-border-radius-top-right:0px;--awb-border-radius-bottom-right:0px;--awb-border-radius-bottom-left:0px;--awb-padding-top:40px;--awb-padding-bottom:0px;--awb-margin-top:10%;--awb-margin-bottom:0px;--awb-flex-wrap:wrap;\" ><div class=\"fusion-builder-row fusion-row fusion-flex-align-items-flex-start fusion-flex-content-wrap\" style=\"width:104% !important;max-width:104% !important;margin-left: calc(-4% \/ 2 );margin-right: calc(-4% \/ 2 );\"><div class=\"fusion-layout-column fusion_builder_column fusion-builder-column-0 fusion_builder_column_1_1 1_1 fusion-flex-column fusion-animated\" style=\"--awb-padding-top:20px;--awb-padding-bottom:20px;--awb-bg-image:url(&#039;https:\/\/www.axalingua.com\/wp-content\/uploads\/2020\/08\/3459068-scaled.jpg&#039;);--awb-bg-size:cover;--awb-border-color:#e0e0e0;--awb-border-top:1px;--awb-border-right:0;--awb-border-bottom:1px;--awb-border-left:0;--awb-border-style:solid;--awb-width-large:100%;--awb-margin-top-large:0px;--awb-spacing-right-large:0px;--awb-margin-bottom-large:30px;--awb-spacing-left-large:0px;--awb-width-medium:100%;--awb-order-medium:0;--awb-spacing-right-medium:1.92%;--awb-spacing-left-medium:1.92%;--awb-width-small:100%;--awb-order-small:0;--awb-spacing-right-small:1.92%;--awb-spacing-left-small:1.92%;\" data-animationType=\"fadeIn\" data-animationDuration=\"1.0\" data-animationOffset=\"top-into-view\"><div class=\"fusion-column-wrapper fusion-column-has-shadow fusion-flex-justify-content-flex-start fusion-content-layout-column fusion-column-has-bg-image\" data-bg-url=\"https:\/\/www.axalingua.com\/wp-content\/uploads\/2020\/08\/3459068-scaled.jpg\"><div class=\"fusion-title title fusion-title-1 fusion-sep-none fusion-title-center fusion-title-text fusion-title-size-two\" style=\"--awb-text-color:#c0515c;--awb-margin-bottom:10px;\"><h2 class=\"fusion-title-heading title-heading-center fusion-responsive-typography-calculated\" style=\"font-family:&quot;Montserrat&quot;;font-style:normal;font-weight:700;margin:0;--fontSize:40;line-height:1;\">Alojamiento con familias espa\u00f1olas<\/h2><\/div><\/div><\/div><\/div><\/div><div class=\"fusion-fullwidth fullwidth-box fusion-builder-row-2 fusion-flex-container nonhundred-percent-fullwidth non-hundred-percent-height-scrolling\" style=\"--awb-border-radius-top-left:0px;--awb-border-radius-top-right:0px;--awb-border-radius-bottom-right:0px;--awb-border-radius-bottom-left:0px;--awb-flex-wrap:wrap;\" ><div class=\"fusion-builder-row fusion-row fusion-flex-align-items-stretch fusion-flex-content-wrap\" style=\"max-width:1248px;margin-left: calc(-4% \/ 2 );margin-right: calc(-4% \/ 2 );\"><div class=\"fusion-layout-column fusion_builder_column fusion-builder-column-1 fusion_builder_column_1_2 1_2 fusion-flex-column\" style=\"--awb-padding-top:20px;--awb-padding-right:20px;--awb-padding-bottom:20px;--awb-padding-left:20px;--awb-bg-size:cover;--awb-border-color:#ededed;--awb-border-top:1px;--awb-border-right:1px;--awb-border-bottom:1px;--awb-border-left:1px;--awb-border-style:solid;--awb-width-large:50%;--awb-margin-top-large:0px;--awb-spacing-right-large:3.84%;--awb-margin-bottom-large:20px;--awb-spacing-left-large:3.84%;--awb-width-medium:100%;--awb-order-medium:0;--awb-spacing-right-medium:1.92%;--awb-spacing-left-medium:1.92%;--awb-width-small:100%;--awb-order-small:0;--awb-spacing-right-small:1.92%;--awb-spacing-left-small:1.92%;\"><div class=\"fusion-column-wrapper fusion-column-has-shadow fusion-flex-justify-content-flex-start fusion-content-layout-column\"><div class=\"fusion-image-element \" style=\"text-align:center;--awb-liftup-border-radius:0px;--awb-caption-title-font-family:var(--h2_typography-font-family);--awb-caption-title-font-weight:var(--h2_typography-font-weight);--awb-caption-title-font-style:var(--h2_typography-font-style);--awb-caption-title-size:var(--h2_typography-font-size);--awb-caption-title-transform:var(--h2_typography-text-transform);--awb-caption-title-line-height:var(--h2_typography-line-height);--awb-caption-title-letter-spacing:var(--h2_typography-letter-spacing);\"><div class=\"awb-image-frame awb-image-frame-1 imageframe-liftup\"><span class=\" fusion-imageframe imageframe-none imageframe-1\"><a href=\"https:\/\/www.axalingua.com\/wp-content\/uploads\/2020\/08\/familias.jpg\" class=\"fusion-lightbox\" data-rel=\"iLightbox[8d584a4fa562c3c8758]\" data-caption=\"Alojamiento con familias espa\u00f1olas\" data-title=\"Alojamiento con familias espa\u00f1olas\" title=\"Alojamiento con familias espa\u00f1olas\"><img decoding=\"async\" width=\"639\" height=\"330\" alt=\"Alojamiento con familias espa\u00f1olas\" src=\"https:\/\/www.axalingua.com\/wp-content\/uploads\/2020\/08\/familias.jpg\" class=\"img-responsive wp-image-1197\" srcset=\"https:\/\/www.axalingua.com\/wp-content\/uploads\/2020\/08\/familias-200x103.jpg 200w, https:\/\/www.axalingua.com\/wp-content\/uploads\/2020\/08\/familias-400x207.jpg 400w, https:\/\/www.axalingua.com\/wp-content\/uploads\/2020\/08\/familias-600x310.jpg 600w, https:\/\/www.axalingua.com\/wp-content\/uploads\/2020\/08\/familias.jpg 639w\" sizes=\"(max-width: 1024px) 100vw, (max-width: 640px) 100vw, 600px\" \/><\/a><\/span><\/div><\/div><\/div><\/div><div class=\"fusion-layout-column fusion_builder_column fusion-builder-column-2 fusion_builder_column_1_2 1_2 fusion-flex-column\" style=\"--awb-padding-top:20px;--awb-padding-right:20px;--awb-padding-bottom:20px;--awb-padding-left:20px;--awb-bg-size:cover;--awb-border-color:#ededed;--awb-border-top:1px;--awb-border-right:1px;--awb-border-bottom:1px;--awb-border-left:1px;--awb-border-style:solid;--awb-width-large:50%;--awb-margin-top-large:0px;--awb-spacing-right-large:3.84%;--awb-margin-bottom-large:20px;--awb-spacing-left-large:3.84%;--awb-width-medium:100%;--awb-order-medium:0;--awb-spacing-right-medium:1.92%;--awb-spacing-left-medium:1.92%;--awb-width-small:100%;--awb-order-small:0;--awb-spacing-right-small:1.92%;--awb-spacing-left-small:1.92%;\"><div class=\"fusion-column-wrapper fusion-column-has-shadow fusion-flex-justify-content-flex-start fusion-content-layout-column\"><div class=\"fusion-text fusion-text-1\"><p>Los andaluces son conocidos por su hospitalidad y simpat\u00eda y, por eso, el alojamiento con familias espa\u00f1olas es una de las mejores opciones para hacer un curso de inmersi\u00f3n en espa\u00f1ol.<\/p>\n<p>En las familias ser\u00e1s recibido como un miembro m\u00e1s y te ayudar\u00e1n a sentirte como en casa, compartiendo contigo su vida y sus costumbres.<\/p>\n<p>Colmenar, a diferencia de grandes ciudades como M\u00e1laga, es un pueblo peque\u00f1o en el que todos nos conocemos. Las familias con las que trabaja Axalingua son tambi\u00e9n nuestros vecinos y amigos, lo que es una garant\u00eda de calidad de esta forma de alojarse en Espa\u00f1a.<\/p>\n<\/div><\/div><\/div><\/div><\/div><div class=\"fusion-fullwidth fullwidth-box fusion-builder-row-3 fusion-flex-container nonhundred-percent-fullwidth non-hundred-percent-height-scrolling\" style=\"--awb-border-radius-top-left:0px;--awb-border-radius-top-right:0px;--awb-border-radius-bottom-right:0px;--awb-border-radius-bottom-left:0px;--awb-padding-bottom:40px;--awb-flex-wrap:wrap;\" ><div class=\"fusion-builder-row fusion-row fusion-flex-align-items-stretch fusion-flex-content-wrap\" style=\"max-width:1248px;margin-left: calc(-4% \/ 2 );margin-right: calc(-4% \/ 2 );\"><div class=\"fusion-layout-column fusion_builder_column fusion-builder-column-3 fusion_builder_column_1_2 1_2 fusion-flex-column fusion-animated\" style=\"--awb-padding-top:20px;--awb-padding-right:20px;--awb-padding-bottom:20px;--awb-padding-left:20px;--awb-bg-size:cover;--awb-border-color:#f2f2f2;--awb-border-top:1px;--awb-border-right:1px;--awb-border-bottom:1px;--awb-border-left:1px;--awb-border-style:solid;--awb-width-large:50%;--awb-margin-top-large:0px;--awb-spacing-right-large:3.84%;--awb-margin-bottom-large:20px;--awb-spacing-left-large:3.84%;--awb-width-medium:100%;--awb-order-medium:0;--awb-spacing-right-medium:1.92%;--awb-spacing-left-medium:1.92%;--awb-width-small:100%;--awb-order-small:0;--awb-spacing-right-small:1.92%;--awb-spacing-left-small:1.92%;\" data-animationType=\"fadeInUp\" data-animationDuration=\"1.0\" data-animationOffset=\"top-into-view\"><div class=\"fusion-column-wrapper fusion-column-has-shadow fusion-flex-justify-content-flex-start fusion-content-layout-column\"><div class=\"fusion-title title fusion-title-2 fusion-sep-none fusion-title-center fusion-title-text fusion-title-size-three\" style=\"--awb-text-color:#6c6c6c;--awb-margin-top:0px;--awb-margin-bottom:0px;--awb-margin-top-small:40px;--awb-margin-bottom-small:0px;--awb-font-size:18px;\"><h3 class=\"fusion-title-heading title-heading-center fusion-responsive-typography-calculated\" style=\"font-family:&quot;Montserrat&quot;;font-style:normal;font-weight:600;margin:0;font-size:1em;--fontSize:18;--minFontSize:18;line-height:1;\">Familias espa\u00f1olas seleccionadas<\/h3><\/div><div class=\"fusion-separator\" style=\"align-self: center;margin-left: auto;margin-right: auto;margin-top:20px;margin-bottom:20px;width:100%;max-width:120px;\"><div class=\"fusion-separator-border sep-single\" style=\"--awb-height:20px;--awb-amount:20px;border-color:rgba(192,81,92,0.5);border-top-width:4px;\"><\/div><\/div><div class=\"fusion-text fusion-text-2\"><p>Los grupos escolares son los que principalmente eligen esta forma de alojamiento, ya que los alumnos son recibidos como parte de sus propias familias, los integran en sus actividades, sus celebraciones, su ocio&#8230; Puesto que conocemos muy a las familias y, generalmente, tambi\u00e9n hemos conocido en persona o por videoconferencia a los alumnos, la experiencia del alojamiento es muy satisfactoria tanto para los alumnos como para las familias.<\/p>\n<\/div><\/div><\/div><div class=\"fusion-layout-column fusion_builder_column fusion-builder-column-4 fusion_builder_column_1_2 1_2 fusion-flex-column fusion-animated\" style=\"--awb-padding-top:20px;--awb-padding-right:20px;--awb-padding-bottom:20px;--awb-padding-left:20px;--awb-bg-size:cover;--awb-border-color:#f2f2f2;--awb-border-top:1px;--awb-border-right:1px;--awb-border-bottom:1px;--awb-border-left:1px;--awb-border-style:solid;--awb-width-large:50%;--awb-margin-top-large:0px;--awb-spacing-right-large:3.84%;--awb-margin-bottom-large:20px;--awb-spacing-left-large:3.84%;--awb-width-medium:100%;--awb-order-medium:0;--awb-spacing-right-medium:1.92%;--awb-spacing-left-medium:1.92%;--awb-width-small:100%;--awb-order-small:0;--awb-spacing-right-small:1.92%;--awb-spacing-left-small:1.92%;\" data-animationType=\"fadeInUp\" data-animationDuration=\"1.0\" data-animationOffset=\"top-into-view\"><div class=\"fusion-column-wrapper fusion-column-has-shadow fusion-flex-justify-content-flex-start fusion-content-layout-column\"><div class=\"fusion-title title fusion-title-3 fusion-sep-none fusion-title-center fusion-title-text fusion-title-size-three\" style=\"--awb-text-color:#6c6c6c;--awb-margin-top:0px;--awb-margin-bottom:0px;--awb-margin-top-small:40px;--awb-margin-bottom-small:0px;--awb-font-size:18px;\"><h3 class=\"fusion-title-heading title-heading-center fusion-responsive-typography-calculated\" style=\"font-family:&quot;Montserrat&quot;;font-style:normal;font-weight:600;margin:0;font-size:1em;--fontSize:18;--minFontSize:18;line-height:1;\">Alojamiento en familias para alumnos adultos<\/h3><\/div><div class=\"fusion-separator\" style=\"align-self: center;margin-left: auto;margin-right: auto;margin-top:20px;margin-bottom:20px;width:100%;max-width:120px;\"><div class=\"fusion-separator-border sep-single\" style=\"--awb-height:20px;--awb-amount:20px;border-color:rgba(192,81,92,0.5);border-top-width:4px;\"><\/div><\/div><div class=\"fusion-text fusion-text-3\"><p>Por supuesto, tambi\u00e9n nuestros alumnos adultos de cursos intensivos de espa\u00f1ol se alojan en familias espa\u00f1olas de Colmenar. En este caso, en Axalingua buscamos un perfil de familia algo diferente a cuando el alumno es adolescente. Tras realizar una peque\u00f1a entrevista online con el alumno y conocer un poco mejor sus aficiones y sus intereses, seleccionamos la familia de Colmenar con la que pensamos que la experiencia de practicar espa\u00f1ol ser\u00e1 mejor.<\/p>\n<\/div><\/div><\/div><\/div><\/div><div class=\"fusion-fullwidth fullwidth-box fusion-builder-row-4 hundred-percent-fullwidth non-hundred-percent-height-scrolling fusion-equal-height-columns\" style=\"--awb-border-radius-top-left:0px;--awb-border-radius-top-right:0px;--awb-border-radius-bottom-right:0px;--awb-border-radius-bottom-left:0px;--awb-padding-right:0px;--awb-padding-left:0px;--awb-flex-wrap:wrap;\" ><div class=\"fusion-builder-row fusion-row\"><div class=\"fusion-layout-column fusion_builder_column fusion-builder-column-5 fusion_builder_column_1_2 1_2 fusion-one-half fusion-column-first\" style=\"--awb-padding-top:80px;--awb-padding-right:14%;--awb-padding-bottom:80px;--awb-padding-left:14%;--awb-bg-image:url(&#039;https:\/\/www.axalingua.com\/wp-content\/uploads\/2020\/08\/faq-tall-background2.jpg&#039;);--awb-bg-blend:overlay;--awb-bg-size:cover;--awb-margin-bottom:0px;width:50%;width:calc(50% - ( ( 0% ) * 0.5 ) );margin-right: 0%;\"><div class=\"fusion-column-wrapper fusion-column-has-shadow fusion-flex-column-wrapper-legacy fusion-column-has-bg-image\" data-bg-url=\"https:\/\/www.axalingua.com\/wp-content\/uploads\/2020\/08\/faq-tall-background2.jpg\"><div class=\"fusion-column-content-centered\"><div class=\"fusion-column-content\"><div class=\"fusion-title title fusion-title-4 fusion-sep-none fusion-title-text fusion-title-size-four fusion-animated\" style=\"--awb-text-color:#ffffff;\" data-animationType=\"fadeInUp\" data-animationDuration=\"1.0\" data-animationOffset=\"top-into-view\"><h4 class=\"fusion-title-heading title-heading-left fusion-responsive-typography-calculated\" style=\"margin:0;--fontSize:28;line-height:1.36;\">Nuestras familias opinan<\/h4><\/div><div class=\"fusion-sep-clear\"><\/div><div class=\"fusion-separator fusion-clearfix\" style=\"float:left;margin-top:20px;margin-bottom:20px;width:100%;max-width:120px;\"><div class=\"fusion-separator-border sep-single\" style=\"--awb-height:20px;--awb-amount:20px;--awb-sep-color:#c0515c;border-color:#c0515c;border-top-width:4px;\"><\/div><\/div><div class=\"fusion-sep-clear\"><\/div><div class=\"fusion-text fusion-text-4 fusion-animated\" data-animationType=\"fadeInUp\" data-animationDuration=\"1.0\" data-animationOffset=\"top-into-view\"><p style=\"text-align: left;\"><span style=\"color: #ffffff;\">En el siguiente v\u00eddeo puedes conocer a algunas de nuestras familias que opinan sobre la experiencia con un grupo de estudiantes durante dos semanas en Colmenar.<\/span><\/p>\n<\/div><\/div><\/div><div class=\"fusion-clearfix\"><\/div><\/div><\/div><div class=\"fusion-layout-column fusion_builder_column fusion-builder-column-6 fusion_builder_column_1_2 1_2 fusion-one-half fusion-column-last\" style=\"--awb-padding-top:80px;--awb-padding-right:10%;--awb-padding-bottom:80px;--awb-padding-left:10%;--awb-bg-image:linear-gradient(180deg, rgba(192,81,92,0.6) 0%,rgba(192,81,92,0.6) 100%),url(https:\/\/www.axalingua.com\/wp-content\/uploads\/2020\/08\/tall-5star-background3.jpg);;--awb-bg-size:cover;--awb-margin-bottom:0px;width:50%;width:calc(50% - ( ( 0% ) * 0.5 ) );\"><div class=\"fusion-column-wrapper fusion-column-has-shadow fusion-flex-column-wrapper-legacy fusion-column-has-bg-image\" data-bg-url=\"https:\/\/www.axalingua.com\/wp-content\/uploads\/2020\/08\/tall-5star-background3.jpg\"><div class=\"fusion-column-content-centered\"><div class=\"fusion-column-content\"><div class=\"fusion-video fusion-youtube\" style=\"--awb-max-width:600px;--awb-max-height:360px;\"><div class=\"video-shortcode\"><div class=\"fluid-width-video-wrapper\" style=\"padding-top:60%;\" ><iframe title=\"YouTube video player 1\" src=\"https:\/\/www.youtube.com\/embed\/hAJyb34q91o?wmode=transparent&autoplay=0\" width=\"600\" height=\"360\" allowfullscreen allow=\"autoplay; clipboard-write; encrypted-media; gyroscope; picture-in-picture;\"><\/iframe><\/div><\/div><\/div><\/div><\/div><div class=\"fusion-clearfix\"><\/div><\/div><\/div><\/div><\/div><\/p>\n","protected":false},"excerpt":{"rendered":"","protected":false},"author":1,"featured_media":0,"parent":0,"menu_order":0,"comment_status":"closed","ping_status":"closed","template":"100-width.php","meta":{"footnotes":""},"class_list":["post-1209","page","type-page","status-publish","hentry"],"yoast_head":"<!-- This site is optimized with the Yoast SEO plugin v27.2 - https:\/\/yoast.com\/product\/yoast-seo-wordpress\/ -->\n<title>Familias espa\u00f1olas - Axalingua. Cursos de ingl&eacute;s, franc&eacute;s y alem&aacute;n.<\/title>\n<meta name=\"robots\" content=\"index, follow, max-snippet:-1, max-image-preview:large, max-video-preview:-1\" \/>\n<link rel=\"canonical\" href=\"https:\/\/www.axalingua.com\/es\/familias-espanolas\/\" \/>\n<meta property=\"og:locale\" content=\"es_ES\" \/>\n<meta property=\"og:type\" content=\"article\" \/>\n<meta property=\"og:title\" content=\"Familias espa\u00f1olas - Axalingua. Cursos de ingl&eacute;s, franc&eacute;s y alem&aacute;n.\" \/>\n<meta property=\"og:url\" content=\"https:\/\/www.axalingua.com\/es\/familias-espanolas\/\" \/>\n<meta property=\"og:site_name\" content=\"Axalingua. Cursos de ingl&eacute;s, franc&eacute;s y alem&aacute;n.\" \/>\n<meta property=\"article:modified_time\" content=\"2020-11-13T11:14:03+00:00\" \/>\n<meta name=\"twitter:card\" content=\"summary_large_image\" \/>\n<meta name=\"twitter:label1\" content=\"Tiempo de lectura\" \/>\n\t<meta name=\"twitter:data1\" content=\"22 minutos\" \/>\n<script type=\"application\/ld+json\" class=\"yoast-schema-graph\">{\"@context\":\"https:\/\/schema.org\",\"@graph\":[{\"@type\":\"WebPage\",\"@id\":\"https:\/\/www.axalingua.com\/es\/familias-espanolas\/\",\"url\":\"https:\/\/www.axalingua.com\/es\/familias-espanolas\/\",\"name\":\"Familias espa\u00f1olas - Axalingua. Cursos de ingl&eacute;s, franc&eacute;s y alem&aacute;n.\",\"isPartOf\":{\"@id\":\"https:\/\/www.axalingua.com\/es\/#website\"},\"datePublished\":\"2020-08-13T11:48:37+00:00\",\"dateModified\":\"2020-11-13T11:14:03+00:00\",\"breadcrumb\":{\"@id\":\"https:\/\/www.axalingua.com\/es\/familias-espanolas\/#breadcrumb\"},\"inLanguage\":\"es\",\"potentialAction\":[{\"@type\":\"ReadAction\",\"target\":[\"https:\/\/www.axalingua.com\/es\/familias-espanolas\/\"]}]},{\"@type\":\"BreadcrumbList\",\"@id\":\"https:\/\/www.axalingua.com\/es\/familias-espanolas\/#breadcrumb\",\"itemListElement\":[{\"@type\":\"ListItem\",\"position\":1,\"name\":\"Portada\",\"item\":\"https:\/\/www.axalingua.com\/es\/\"},{\"@type\":\"ListItem\",\"position\":2,\"name\":\"Familias espa\u00f1olas\"}]},{\"@type\":\"WebSite\",\"@id\":\"https:\/\/www.axalingua.com\/es\/#website\",\"url\":\"https:\/\/www.axalingua.com\/es\/\",\"name\":\"Axalingua. Cursos de ingl&eacute;s, franc&eacute;s y alem&aacute;n.\",\"description\":\"Cursos de espa&ntilde;ol en Andalucia. Aprende espa&ntilde;ol en Colmenar, un precioso pueblo blanco en la Alta Axarqu&iacute;a, al lado del parque natural de los Montes de M&aacute;laga.\",\"potentialAction\":[{\"@type\":\"SearchAction\",\"target\":{\"@type\":\"EntryPoint\",\"urlTemplate\":\"https:\/\/www.axalingua.com\/es\/?s={search_term_string}\"},\"query-input\":{\"@type\":\"PropertyValueSpecification\",\"valueRequired\":true,\"valueName\":\"search_term_string\"}}],\"inLanguage\":\"es\"}]}<\/script>\n<!-- \/ Yoast SEO plugin. -->","yoast_head_json":{"title":"Familias espa\u00f1olas - Axalingua. Cursos de ingl&eacute;s, franc&eacute;s y alem&aacute;n.","robots":{"index":"index","follow":"follow","max-snippet":"max-snippet:-1","max-image-preview":"max-image-preview:large","max-video-preview":"max-video-preview:-1"},"canonical":"https:\/\/www.axalingua.com\/es\/familias-espanolas\/","og_locale":"es_ES","og_type":"article","og_title":"Familias espa\u00f1olas - Axalingua. Cursos de ingl&eacute;s, franc&eacute;s y alem&aacute;n.","og_url":"https:\/\/www.axalingua.com\/es\/familias-espanolas\/","og_site_name":"Axalingua. Cursos de ingl&eacute;s, franc&eacute;s y alem&aacute;n.","article_modified_time":"2020-11-13T11:14:03+00:00","twitter_card":"summary_large_image","twitter_misc":{"Tiempo de lectura":"22 minutos"},"schema":{"@context":"https:\/\/schema.org","@graph":[{"@type":"WebPage","@id":"https:\/\/www.axalingua.com\/es\/familias-espanolas\/","url":"https:\/\/www.axalingua.com\/es\/familias-espanolas\/","name":"Familias espa\u00f1olas - Axalingua. Cursos de ingl&eacute;s, franc&eacute;s y alem&aacute;n.","isPartOf":{"@id":"https:\/\/www.axalingua.com\/es\/#website"},"datePublished":"2020-08-13T11:48:37+00:00","dateModified":"2020-11-13T11:14:03+00:00","breadcrumb":{"@id":"https:\/\/www.axalingua.com\/es\/familias-espanolas\/#breadcrumb"},"inLanguage":"es","potentialAction":[{"@type":"ReadAction","target":["https:\/\/www.axalingua.com\/es\/familias-espanolas\/"]}]},{"@type":"BreadcrumbList","@id":"https:\/\/www.axalingua.com\/es\/familias-espanolas\/#breadcrumb","itemListElement":[{"@type":"ListItem","position":1,"name":"Portada","item":"https:\/\/www.axalingua.com\/es\/"},{"@type":"ListItem","position":2,"name":"Familias espa\u00f1olas"}]},{"@type":"WebSite","@id":"https:\/\/www.axalingua.com\/es\/#website","url":"https:\/\/www.axalingua.com\/es\/","name":"Axalingua. Cursos de ingl&eacute;s, franc&eacute;s y alem&aacute;n.","description":"Cursos de espa&ntilde;ol en Andalucia. Aprende espa&ntilde;ol en Colmenar, un precioso pueblo blanco en la Alta Axarqu&iacute;a, al lado del parque natural de los Montes de M&aacute;laga.","potentialAction":[{"@type":"SearchAction","target":{"@type":"EntryPoint","urlTemplate":"https:\/\/www.axalingua.com\/es\/?s={search_term_string}"},"query-input":{"@type":"PropertyValueSpecification","valueRequired":true,"valueName":"search_term_string"}}],"inLanguage":"es"}]}},"_links":{"self":[{"href":"https:\/\/www.axalingua.com\/es\/wp-json\/wp\/v2\/pages\/1209","targetHints":{"allow":["GET"]}}],"collection":[{"href":"https:\/\/www.axalingua.com\/es\/wp-json\/wp\/v2\/pages"}],"about":[{"href":"https:\/\/www.axalingua.com\/es\/wp-json\/wp\/v2\/types\/page"}],"author":[{"embeddable":true,"href":"https:\/\/www.axalingua.com\/es\/wp-json\/wp\/v2\/users\/1"}],"replies":[{"embeddable":true,"href":"https:\/\/www.axalingua.com\/es\/wp-json\/wp\/v2\/comments?post=1209"}],"version-history":[{"count":19,"href":"https:\/\/www.axalingua.com\/es\/wp-json\/wp\/v2\/pages\/1209\/revisions"}],"predecessor-version":[{"id":1456,"href":"https:\/\/www.axalingua.com\/es\/wp-json\/wp\/v2\/pages\/1209\/revisions\/1456"}],"wp:attachment":[{"href":"https:\/\/www.axalingua.com\/es\/wp-json\/wp\/v2\/media?parent=1209"}],"curies":[{"name":"wp","href":"https:\/\/api.w.org\/{rel}","templated":true}]}}